{"id":9180,"date":"2024-01-05T13:28:52","date_gmt":"2024-01-05T13:28:52","guid":{"rendered":"https:\/\/wpdiscounts.io\/de\/?page_id=9180"},"modified":"2025-08-11T14:04:01","modified_gmt":"2025-08-11T14:04:01","slug":"wordpress-coupon-codes","status":"publish","type":"page","link":"https:\/\/wpdiscounts.io\/de\/wordpress-coupon-codes\/","title":{"rendered":"All Discounts"},"content":{"rendered":"<h2 class=\"has-text-align-center wp-block-heading\">Ausgew\u00e4hlte WordPress-Rabatte<\/h2>\n\n\n\n<h3 class=\"wp-block-heading\">{acf_product_name:link}<\/h3>\n\n{acf_short_discription}\n\n{acf_offer}\n\n\n\nUm oben gelistet zu werden: <a href=\"http:\/\/wpdiscounts.io\/de\/become-a-partner\/\">Werden Sie Partner!<\/a>.\n\nAll\n\nHosting\n\nPlugins\n\nWooCommerce\n\nServices\n\nThemes\n\n{acf_short_discription}\n\n\n\n<h2 class=\"has-text-align-left wp-block-heading\">{acf_product_name:link}<\/h2>\n\nVerifiziert\n\n<figure class=\"wp-block-image size-full\"><img loading=\"lazy\" decoding=\"async\" width=\"512\" height=\"512\" src=\"http:\/\/wpdiscounts.io\/de\/wp-content\/uploads\/2024\/09\/verified-bagde-icon-1.png\" alt class=\"wp-image-15103\" srcset=\"https:\/\/wpdiscounts.io\/de\/wp-content\/uploads\/2024\/09\/verified-bagde-icon-1.png 512w, https:\/\/wpdiscounts.io\/de\/wp-content\/uploads\/2024\/09\/verified-bagde-icon-1-300x300.png 300w, https:\/\/wpdiscounts.io\/de\/wp-content\/uploads\/2024\/09\/verified-bagde-icon-1-150x150.png 150w\" sizes=\"auto, (max-width: 512px) 100vw, 512px\" \/><\/figure>\n\n{acf_offer}\n\n\n\n\n\n<h2 class=\"has-text-align-left wp-block-heading\">{post_title: link}<\/h2>\n\n{acf_short_discription}\n\n{acf_offer}\n\n\n\n\n\n<h2 class=\"has-text-align-left wp-block-heading\">{post_title: link}<\/h2>\n\n{acf_short_discription}\n\n{acf_offer}\n\n\n\n\n\n<h2 class=\"has-text-align-left wp-block-heading\">{post_title: link}<\/h2>\n\n{acf_short_discription}\n\n{acf_offer}\n\n\n\n\n\n<h2 class=\"has-text-align-left wp-block-heading\">{post_title: link}<\/h2>\n\n{acf_short_discription}\n\n{acf_offer}\n\n\n\n\n\n<h2 class=\"has-text-align-left wp-block-heading\">{post_title: link}<\/h2>\n\n{acf_short_discription}\n\n{acf_offer}\n\n\n\n<div class=\"wp-block-buttons is-layout-flex wp-block-buttons-is-layout-flex\"><div class=\"wp-block-button\"><a class=\"wp-block-button__link\">Abonnieren<\/a><\/div><\/div>\n\n<h0 class=\"has-text-align-center\">Kaufen Sie clever und sparen Sie gro\u00df! Holen Sie sich Premium-Themes, Plugins, Hosting und andere exklusive WordPress-Essentials zum besten Preis \u2013 und bringen Sie Ihre Website auf das n\u00e4chste Level.<br><br>Melden Sie sich an, um exklusive Angebote direkt in Ihren Posteingang zu erhalten.<\/h0>\n\n<!-- wp:Array \/-->\n\nSichern Sie sich alle Premium- und exklusiven WordPress-Essentials f\u00fcr Ihre Website zu g\u00fcnstigen Konditionen.\n\n<h2 class=\"has-text-align-center wp-block-heading\">Faktoren, die Sie beim Kauf von WordPress Essentials beachten sollten<\/h2>\n\nUpdates\n\nBewertungen\n\nFunktionen\n\nPreise\n\nKompatibilit\u00e4t\n\n<h3 class=\"wp-block-heading\">Regelm\u00e4\u00dfig aktualisiert<\/h3>\n\n<p>\n<\/p>\n\n<div>Auch wenn lukrative WordPress-Essentials-Rabatte verlockend erscheinen m\u00f6gen \u2013 achten Sie auf regelm\u00e4\u00dfige Updates, pr\u00fcfen Sie das Changelog und lesen Sie die Produkt-Roadmap. Ein aktualisiertes Essential behebt alle bestehenden Fehler und Sie profitieren von der neuesten Kompatibilit\u00e4t, Leistung, Sicherheit und WordPress-Core-Updates.\n<br><br><\/div><div>Mit veralteten Essentials gef\u00e4hrden Sie Ihre Website: Veraltete Essentials enthalten oft ungel\u00f6ste Probleme, die zu langsamen Websites f\u00fchren.<br><br><br><\/div><div>\n<\/div>\n\n<h3 class=\"wp-block-heading\">Positive Bewertungen &amp; gute Bewertungssterne<\/h3>\n\n<div>Stellen Sie sicher, dass das Essential zahlreiche positive Bewertungen und Feedback von bestehenden Kunden hat \u2013 dies zeigt, dass es getestet wurde. Eine durchgehende Bewertung von 4,0 bis 4,5 oder h\u00f6her \u00fcber einen l\u00e4ngeren Zeitraum bedeutet, dass das Essential stabil und zuverl\u00e4ssig ist.\n<br><br><\/div><div>Unser Team w\u00e4hlt nur Essentials mit guten Bewertungen und Kundenfeedback handverlesen aus. Wir pr\u00e4sentieren ausschlie\u00dflich Produkte, von denen wir \u00fcberzeugt sind, dass sie Ihrer Website \u2013 und letztlich Ihrem Business \u2013 einen echten Mehrwert bieten.<br><br><\/div><div>\n<\/div>\n\n<h3 class=\"wp-block-heading\">Core Features<\/h3>\n\nCheck if Essentials include core functionality your business needs without adding unnecessary bloat that can slow down your website. Opt for Essentials that offer numerous features and advanced options and are lightweight.\r<br><br><div>\r<\/div><div>\r<\/div><div>\r<\/div><div>If you mistakenly opt for an Essential lacking core features, you will be forced to install additional plugins, reducing efficiency. Your resources will be wasted as you attempt to customize the Essentials to your needs. Your website&#8217;s improper functioning may also lead to an experience.\r<\/div><div><br><\/div>\n\n<h3 class=\"wp-block-heading\">Consistent Pricing Plans<\/h3>\n\n<div>Essentials bieten \u00e4hnliche Funktionen, unterscheiden sich jedoch in ihrer Preisstruktur. Einige werden einmalig f\u00fcr die lebenslange Nutzung abgerechnet, w\u00e4hrend andere monatliche oder j\u00e4hrliche Geb\u00fchren erheben. W\u00e4hlen Sie, wenn m\u00f6glich, die lebenslange Preisoption, die die maximale Anzahl an Websites pro Plan beinhaltet und Ihnen langfristig Kosten spart.<\/div><div><br><\/div><div>Wenn Sie ein Essential nur aufgrund eines niedrigeren Preises ausw\u00e4hlen, werden Sie mit verschiedenen Nachteilen konfrontiert sein, wie z. B. erh\u00f6hten Kosten f\u00fcr den Kauf anderer Erweiterungen, einer schlechten Benutzererfahrung, eingeschr\u00e4nkter Funktionalit\u00e4t und mehr. Daher ist Vorsicht bei der Auswahl des Preismodells geboten.<\/div>\n\n<h3 class=\"wp-block-heading\">Plattform\u00fcbergreifende Kompatibilit\u00e4t &amp; fehlerfrei<\/h3>\n\n\u00dcberpr\u00fcfen Sie die Kompatibilit\u00e4t des gew\u00fcnschten Essentials. Es sollte mit g\u00e4ngigen Themes, Page Buildern, anderen von Ihnen verwendeten Essentials\/Erweiterungen und der neuesten WordPress-Version kompatibel sein. Ein eigenst\u00e4ndiges Essential funktioniert m\u00f6glicherweise am besten, aber die Verwendung mit anderen Plugins\/Themes kann manchmal zu Konflikten f\u00fchren und die Leistung Ihrer Website beeintr\u00e4chtigen.<div><br><\/div><div>Ein weiterer Grund, warum ein Essential bei der Zusammenarbeit mit anderen Addons abst\u00fcrzt, ist, dass es zus\u00e4tzliche, unn\u00f6tige Funktionen enth\u00e4lt, die Speicherplatz und andere Ressourcen beanspruchen. Wenn diese Erweiterung ausgef\u00fchrt wird, sind alle nutzlosen Funktionen aktiv, was Ihre Website verlangsamt und Konflikte mit anderen Plugins verursacht.<\/div>\n\n<h2 class=\"has-text-align-center wp-block-heading\">So \u00fcberpr\u00fcfen wir Promo-Codes, Gutscheine und Rabatte<\/h2>\n\nSchritt 1\n\n<h3 class=\"wp-block-heading\">\u00dcberpr\u00fcfen Sie den Ruf von Essentials<\/h3>\n\nUnser Team ist seit mehr als einem Jahrzehnt in der Branche t\u00e4tig und hat mit zahlreichen WordPress-Essential-Unternehmen zusammengearbeitet. Wir analysieren jede Fallstudie eines Essentials und entscheiden dann, ob wir es auf unserer Website aufnehmen.\n\nSchritt 2\n\n<h3 class=\"wp-block-heading\">Sprechen Sie mit dem Team<\/h3>\n\nWir f\u00fchren ausf\u00fchrliche Gespr\u00e4che mit dem Team und dem Gr\u00fcnder der Essentials, um die besten Kooperationsm\u00f6glichkeiten und Rabatte f\u00fcr unser Publikum zu erzielen. Die meisten Partner gew\u00e4hren uns exklusive Rabatte mit l\u00e4ngerer G\u00fcltigkeitsdauer f\u00fcr alle Preismodelle.\n\nSchritt 3\n\n<h3 class=\"wp-block-heading\">Das Essential auflisten<\/h3>\n\nUnsere Experten gehen die Extrameile, um zu \u00fcberpr\u00fcfen, ob Essentials in allen Preismodellen funktionieren, damit Sie das nicht tun m\u00fcssen. Abschlie\u00dfend erstellen wir eine spezielle WordPress-Essential-Rabatt-Landingpage und listen sie auf verschiedenen Seiten und in Blogs auf. Alle Informationen, die Sie \u00fcber unsere ausgew\u00e4hlten Essentials sehen, sind g\u00fcltig und getestet.\n\n<h2 class=\"wp-block-heading\">Suchen Sie noch nach Ihrem gew\u00fcnschten Essential?<\/h2>\n\nNot a big problem. Let us know which Essential you are looking for, and we will direct you to the best WordPress Essential discount coupon.","protected":false},"excerpt":{"rendered":"<p>Ausgew\u00e4hlte WordPress-Rabatte {acf_product_name:link} {acf_short_discription} {acf_offer} Um oben gelistet zu werden: Werden Sie Partner!. All Hosting Plugins WooCommerce Services Themes {acf_short_discription} {acf_product_name:link} Verifiziert {acf_offer} {post_title: link} {acf_short_discription} {acf_offer} {post_title: link} {acf_short_discription} {acf_offer} {post_title: link} {acf_short_discription} {acf_offer} {post_title: link} {acf_short_discription} {acf_offer} {post_title: link} {acf_short_discription} {acf_offer} Kaufen Sie clever und sparen Sie gro\u00df! Holen Sie sich Premium-Themes, Plugins, [&hellip;]<\/p>\n","protected":false},"author":1,"featured_media":0,"parent":0,"menu_order":0,"comment_status":"closed","ping_status":"closed","template":"","meta":{"_acf_changed":false,"footnotes":""},"class_list":["post-9180","page","type-page","status-publish","hentry"],"acf":[],"_links":{"self":[{"href":"https:\/\/wpdiscounts.io\/de\/wp-json\/wp\/v2\/pages\/9180","targetHints":{"allow":["GET"]}}],"collection":[{"href":"https:\/\/wpdiscounts.io\/de\/wp-json\/wp\/v2\/pages"}],"about":[{"href":"https:\/\/wpdiscounts.io\/de\/wp-json\/wp\/v2\/types\/page"}],"author":[{"embeddable":true,"href":"https:\/\/wpdiscounts.io\/de\/wp-json\/wp\/v2\/users\/1"}],"replies":[{"embeddable":true,"href":"https:\/\/wpdiscounts.io\/de\/wp-json\/wp\/v2\/comments?post=9180"}],"version-history":[{"count":100,"href":"https:\/\/wpdiscounts.io\/de\/wp-json\/wp\/v2\/pages\/9180\/revisions"}],"predecessor-version":[{"id":22778,"href":"https:\/\/wpdiscounts.io\/de\/wp-json\/wp\/v2\/pages\/9180\/revisions\/22778"}],"wp:attachment":[{"href":"https:\/\/wpdiscounts.io\/de\/wp-json\/wp\/v2\/media?parent=9180"}],"curies":[{"name":"wp","href":"https:\/\/api.w.org\/{rel}","templated":true}]}}