{"id":9129,"date":"2024-01-04T22:32:10","date_gmt":"2024-01-04T22:32:10","guid":{"rendered":"https:\/\/wpdiscounts.io\/de\/?page_id=9129"},"modified":"2025-05-05T09:22:18","modified_gmt":"2025-05-05T09:22:18","slug":"become-a-partner","status":"publish","type":"page","link":"https:\/\/wpdiscounts.io\/de\/become-a-partner\/","title":{"rendered":"Become a Partner"},"content":{"rendered":"<h1 class=\"wp-block-heading\">Partner werden<\/h1>\n\n<p>Bei WPdiscounts.io ist unsere Mission einfach: Wir bieten eine umfassende Plattform, auf der Nutzer die besten L\u00f6sungen f\u00fcr ihre WordPress-Website finden und alle relevanten Informationen, Pl\u00e4ne, Preise und Rabatte unter einem Dach entdecken k\u00f6nnen.<\/p>\n<p>Unter der Leitung von erfahrenen Experten wie\u00a0<strong>Ahsan Parwez<\/strong>\u00a0und\u00a0<strong>Mustaasam Saleem<\/strong>, die \u00fcber ein Jahrzehnt WordPress-Erfahrung verf\u00fcgen, ist WPdiscounts.io die erste Anlaufstelle f\u00fcr die besten Preise auf WordPress-Produkte und -Dienstleistungen.<\/p>\n<p>Unser Team investiert viel Zeit in die Pflege dieser Website. Um den Betrieb aufrechtzuerhalten, suchen wir Sponsoren und Partner.<\/p>\n<hr \/>\n<h3><strong>Warum mit WPdiscounts.io zusammenarbeiten?<\/strong><\/h3>\n<p>Als Partner erhalten Sie vielf\u00e4ltige Vorteile f\u00fcr Ihr Gesch\u00e4ftswachstum:<\/p>\n<ul>\n<li>\n<p><strong>Dedizierte Produktseite<\/strong>: Pr\u00e4sentieren Sie Ihr Produkt oder Ihre Dienstleistung auf einer suchmaschinenoptimierten Seite unserer Website.<\/p>\n<\/li>\n<li>\n<p><strong>Top-Platzierung auf Kategorieseiten<\/strong>: Erhalten Sie Sichtbarkeit in unseren Kategorien f\u00fcr Plugins, Themes, Hosting und Agenturen.<\/p>\n<\/li>\n<li>\n<p><strong>Erw\u00e4hnung in Blogbeitr\u00e4gen<\/strong>: Werden Sie in unseren Artikeln vorgestellt und erreichen Sie tausende WordPress-Nutzer.<\/p>\n<\/li>\n<li>\n<p><strong>Soziale Medien<\/strong>: Shoutouts auf unseren Kan\u00e4len f\u00fcr mehr Reichweite.<\/p>\n<\/li>\n<li>\n<p><strong>Bearbeitungsrecht<\/strong>: Aktualisieren Sie Ihre Produktseite jederzeit.<\/p>\n<\/li>\n<li>\n<p><strong>Gastbeitr\u00e4ge &amp; Reviews<\/strong>: Positionieren Sie sich als Experte.<\/p>\n<\/li>\n<li>\n<p><strong>Experten-Review<\/strong>: Unser Team testet Ihr Produkt und ver\u00f6ffentlicht ein detailliertes Tutorial.<\/p>\n<\/li>\n<li>\n<p><strong>Rabattaktionen<\/strong>: Listen Sie Ihre Promotionen auf unseren Seiten.<\/p>\n<\/li>\n<\/ul>\n<hr \/>\n<h3><strong>Featured Listings<\/strong><\/h3>\n<ul>\n<li>\n<p><strong><a href=\"https:\/\/buy.stripe.com\/8wMaHNdX76Fb0Ra8wC\" target=\"_blank\" rel=\"noopener\">Jetzt kaufen<\/a> | 360\u20ac f\u00fcr ein Jahr<\/strong><\/p>\n<\/li>\n<li>\n<p><strong><a href=\"https:\/\/buy.stripe.com\/bIYeY3g5fe7DgQ89AH\" target=\"_blank\" rel=\"noopener\">Jetzt kaufen<\/a> | 260\u20ac f\u00fcr sechs Monate<\/strong><\/p>\n<\/li>\n<li>\n<p><strong><a href=\"https:\/\/buy.stripe.com\/5kA3flaKV2oVfM4005\" target=\"_blank\" rel=\"noopener\">Jetzt kaufen<\/a> | 160\u20ac f\u00fcr drei Monate<\/strong><\/p>\n<\/li>\n<\/ul>\n<h3><strong>Promotional Content Partnership<\/strong><\/h3>\n<ul>\n<li>\n<p><strong><a href=\"https:\/\/buy.stripe.com\/aEU0392ep7Jf6bu7sG\" target=\"_blank\" rel=\"noopener\">Jetzt kaufen<\/a> | 49\u20ac<\/strong>\u00a0(Aufnahme in einen bestehenden Blogbeitrag)<\/p>\n<\/li>\n<li>\n<p><strong><a href=\"https:\/\/buy.stripe.com\/00g2bh7yJbZv2Zi14j\" target=\"_blank\" rel=\"noopener\">Jetzt kaufen<\/a> | 99\u20ac<\/strong>\u00a0(Gastbeitrag Ihres Teams, redigiert von uns)<\/p>\n<\/li>\n<li>\n<p><strong><a href=\"https:\/\/buy.stripe.com\/6oEeY35qBfbHbvOdR6\" target=\"_blank\" rel=\"noopener\">Jetzt kaufen<\/a> | 199\u20ac<\/strong>\u00a0(Experten-Review unseres Teams)<\/p>\n<\/li>\n<\/ul>\n<h3><strong>Bundle-Angebot<\/strong><\/h3>\n<ul>\n<li><strong><a href=\"https:\/\/buy.stripe.com\/00g5nt4mx7Jf1VeaEV\" target=\"_blank\" rel=\"noopener\">Jetzt kaufen<\/a> | 499\u20ac<\/strong><\/li>\n<li>\n<p>Listing auf allen relevanten Kategorieseiten<\/p>\n<\/li>\n<li>\n<p>Platzierung im &#8220;Featured Products&#8221;-Bereich<\/p>\n<\/li>\n<li>\n<p>Experten-Review oder Blogbeitrag<\/p>\n<\/li>\n<li>\n<p>Gastbeitragsrecht<\/p>\n<\/li>\n<\/ul>\n<hr \/>\n<h3><strong>Kontakt<\/strong><\/h3>\n<p>Haben Sie Fragen? Schreiben Sie uns an\u00a0<strong>hello[at]wpdiscounts[dot]io<\/strong>\u00a0oder nutzen Sie unser\u00a0<a href=\"http:\/\/wpdiscounts.io\/de\/contact\/\" target=\"_blank\" rel=\"noopener noreferrer\">Kontaktformular<\/a>.<\/p>\n<p>Wir freuen uns auf Ihre Nachricht!<\/p>","protected":false},"excerpt":{"rendered":"<p>Partner werden Bei WPdiscounts.io ist unsere Mission einfach: Wir bieten eine umfassende Plattform, auf der Nutzer die besten L\u00f6sungen f\u00fcr ihre WordPress-Website finden und alle relevanten Informationen, Pl\u00e4ne, Preise und Rabatte unter einem Dach entdecken k\u00f6nnen. Unter der Leitung von erfahrenen Experten wie\u00a0Ahsan Parwez\u00a0und\u00a0Mustaasam Saleem, die \u00fcber ein Jahrzehnt WordPress-Erfahrung verf\u00fcgen, ist WPdiscounts.io die erste [&hellip;]<\/p>\n","protected":false},"author":1,"featured_media":0,"parent":0,"menu_order":0,"comment_status":"closed","ping_status":"closed","template":"","meta":{"_acf_changed":false,"footnotes":""},"class_list":["post-9129","page","type-page","status-publish","hentry"],"acf":[],"_links":{"self":[{"href":"https:\/\/wpdiscounts.io\/de\/wp-json\/wp\/v2\/pages\/9129","targetHints":{"allow":["GET"]}}],"collection":[{"href":"https:\/\/wpdiscounts.io\/de\/wp-json\/wp\/v2\/pages"}],"about":[{"href":"https:\/\/wpdiscounts.io\/de\/wp-json\/wp\/v2\/types\/page"}],"author":[{"embeddable":true,"href":"https:\/\/wpdiscounts.io\/de\/wp-json\/wp\/v2\/users\/1"}],"replies":[{"embeddable":true,"href":"https:\/\/wpdiscounts.io\/de\/wp-json\/wp\/v2\/comments?post=9129"}],"version-history":[{"count":55,"href":"https:\/\/wpdiscounts.io\/de\/wp-json\/wp\/v2\/pages\/9129\/revisions"}],"predecessor-version":[{"id":21818,"href":"https:\/\/wpdiscounts.io\/de\/wp-json\/wp\/v2\/pages\/9129\/revisions\/21818"}],"wp:attachment":[{"href":"https:\/\/wpdiscounts.io\/de\/wp-json\/wp\/v2\/media?parent=9129"}],"curies":[{"name":"wp","href":"https:\/\/api.w.org\/{rel}","templated":true}]}}