{"id":4478,"date":"2023-08-28T07:05:02","date_gmt":"2023-08-28T07:05:02","guid":{"rendered":"https:\/\/wpdiscounts.io\/de\/?page_id=4478"},"modified":"2025-05-05T12:25:59","modified_gmt":"2025-05-05T12:25:59","slug":"disclosure","status":"publish","type":"page","link":"https:\/\/wpdiscounts.io\/de\/disclosure\/","title":{"rendered":"Disclosure"},"content":{"rendered":"<h1 class=\"wp-block-heading\">Affiliate-Offenlegung<\/h1>\n\n<p><b>WPdiscounts.io<\/b><span style=\"font-weight: 400;\"> nimmt an verschiedenen Affiliate-Marketing-Programmen teil. Das bedeutet, dass wir m\u00f6glicherweise eine Provision verdienen, wenn Sie auf oder \u00fcber Affiliate-Links auf unserer Website klicken oder K\u00e4ufe t\u00e4tigen. Diese Provisionen entstehen f\u00fcr Sie <\/span><b>ohne zus\u00e4tzliche Kosten<\/b><span style=\"font-weight: 400;\"> und helfen uns, die Website zu betreiben und gleichzeitig kuratierte Rabatte, Gutscheincodes und exklusive Angebote f\u00fcr WordPress-bezogene Produkte und Dienstleistungen bereitzustellen.<\/span><\/p>\n<p><span style=\"font-weight: 400;\">Wir m\u00f6chten Ihnen versichern, dass unsere <\/span><b>Affiliate-Beziehungen keinen Einfluss<\/b><span style=\"font-weight: 400;\"> darauf haben, welche Produkte oder Dienstleistungen wir vorstellen. Wir priorisieren den Wert und die Relevanz f\u00fcr unsere Nutzer, und unser Team ist bestrebt, nur die hilfreichsten und relevantesten Angebote zu pr\u00e4sentieren, unabh\u00e4ngig davon, ob sie Affiliate-unterst\u00fctzt sind oder nicht.<\/span><\/p>\n<p><span style=\"font-weight: 400;\">Durch die Nutzung von WPdiscounts.io und das Klicken auf Affiliate-Links helfen Sie, unsere Plattform und die Ressourcen zu unterst\u00fctzen, die wir der WordPress-Community anbieten. Wir sch\u00e4tzen Ihr Vertrauen und Ihre Unterst\u00fctzung aufrichtig.<\/span><\/p>\n<p><span style=\"font-weight: 400;\">Wenn Sie Fragen oder Bedenken bez\u00fcglich unserer Affiliate-Beziehungen haben, k\u00f6nnen Sie uns gerne unter <a href=\"http:\/\/wpdiscounts.io\/contact\/de\/\">kontaktieren<\/a>.<\/span><\/p>\n\n<h1 class=\"wp-block-heading\">Marken<\/h1>\n\n<p><b>WPdiscounts.io<\/b><span style=\"font-weight: 400;\"> ist eine unabh\u00e4ngige Plattform und steht in <\/span><b>keiner Verbindung zu oder wird von der WordPress Foundation, Automattic Inc. oder deren Tochtergesellschaften unterst\u00fctzt.<\/b><\/p>\n<ul>\n<li style=\"font-weight: 400;\" aria-level=\"1\"><b>WordPress\u00ae<\/b><span style=\"font-weight: 400;\">, <\/span><b>WooCommerce\u00ae<\/b><span style=\"font-weight: 400;\">, <\/span><b>Woo\u00ae<\/b><span style=\"font-weight: 400;\">, <\/span><b>Managed WordPress<\/b><span style=\"font-weight: 400;\"> und <\/span><b>Hosted WordPress<\/b><span style=\"font-weight: 400;\"> sind eingetragene Marken der <\/span><b>WordPress Foundation<\/b><span style=\"font-weight: 400;\"> und\/oder <\/span><b>Automattic Inc.<\/b><\/li>\n<li style=\"font-weight: 400;\" aria-level=\"1\"><span style=\"font-weight: 400;\">Alle auf dieser Website erw\u00e4hnten <\/span><b>Markennamen, Logos, Firmennamen und Produktnamen<\/b><span style=\"font-weight: 400;\"> sind Marken oder eingetragene Marken ihrer jeweiligen Eigent\u00fcmer.<\/span><span style=\"font-weight: 400;\"><br \/><br \/><\/span><\/li>\n<\/ul>\n<p><span style=\"font-weight: 400;\">Jede Verwendung dieser Marken dient ausschlie\u00dflich <\/span><b>der Identifizierung, redaktionellen oder beschreibenden Zwecken<\/b><span style=\"font-weight: 400;\">. Wenn diese Begriffe oder Logos auf WPdiscounts.io erscheinen, ist dies <\/span><b>rein zuf\u00e4llig<\/b><span style=\"font-weight: 400;\"> und impliziert keine Sponsoring, Billigung oder offizielle Verbindung.<\/span><\/p>\n<p><span style=\"font-weight: 400;\">Bitte <a href=\"http:\/\/wpdiscounts.io\/contact\/de\/\">kontaktieren Sie uns<\/a>, wenn Sie der Meinung sind, dass ein markenrechtlich gesch\u00fctzter Begriff unangemessen verwendet wird, und wir werden uns gerne darum k\u00fcmmern.<\/span><\/p>","protected":false},"excerpt":{"rendered":"<p>Affiliate-Offenlegung WPdiscounts.io nimmt an verschiedenen Affiliate-Marketing-Programmen teil. Das bedeutet, dass wir m\u00f6glicherweise eine Provision verdienen, wenn Sie auf oder \u00fcber Affiliate-Links auf unserer Website klicken oder K\u00e4ufe t\u00e4tigen. Diese Provisionen entstehen f\u00fcr Sie ohne zus\u00e4tzliche Kosten und helfen uns, die Website zu betreiben und gleichzeitig kuratierte Rabatte, Gutscheincodes und exklusive Angebote f\u00fcr WordPress-bezogene Produkte und [&hellip;]<\/p>\n","protected":false},"author":1,"featured_media":0,"parent":0,"menu_order":0,"comment_status":"closed","ping_status":"closed","template":"","meta":{"_acf_changed":false,"footnotes":""},"class_list":["post-4478","page","type-page","status-publish","hentry"],"acf":[],"_links":{"self":[{"href":"https:\/\/wpdiscounts.io\/de\/wp-json\/wp\/v2\/pages\/4478","targetHints":{"allow":["GET"]}}],"collection":[{"href":"https:\/\/wpdiscounts.io\/de\/wp-json\/wp\/v2\/pages"}],"about":[{"href":"https:\/\/wpdiscounts.io\/de\/wp-json\/wp\/v2\/types\/page"}],"author":[{"embeddable":true,"href":"https:\/\/wpdiscounts.io\/de\/wp-json\/wp\/v2\/users\/1"}],"replies":[{"embeddable":true,"href":"https:\/\/wpdiscounts.io\/de\/wp-json\/wp\/v2\/comments?post=4478"}],"version-history":[{"count":9,"href":"https:\/\/wpdiscounts.io\/de\/wp-json\/wp\/v2\/pages\/4478\/revisions"}],"predecessor-version":[{"id":21853,"href":"https:\/\/wpdiscounts.io\/de\/wp-json\/wp\/v2\/pages\/4478\/revisions\/21853"}],"wp:attachment":[{"href":"https:\/\/wpdiscounts.io\/de\/wp-json\/wp\/v2\/media?parent=4478"}],"curies":[{"name":"wp","href":"https:\/\/api.w.org\/{rel}","templated":true}]}}