{"id":4428,"date":"2023-08-28T05:28:12","date_gmt":"2023-08-28T05:28:12","guid":{"rendered":"https:\/\/wpdiscounts.io\/de\/?page_id=4428"},"modified":"2025-09-15T06:55:56","modified_gmt":"2025-09-15T06:55:56","slug":"about","status":"publish","type":"page","link":"https:\/\/wpdiscounts.io\/de\/about\/","title":{"rendered":"About"},"content":{"rendered":"<h1 class=\"wp-block-heading\">Beste WordPress-Gutscheine, Rabatte &amp; Angebote<\/h1>\n\n<p>Wir machen die Suche nach WordPress-Rabatten, Gutscheincodes und Sonderangeboten m\u00fchelos. Unser Team durchsucht t\u00e4glich das Internet, um die besten aktuellen WordPress-Deals und Gutscheine f\u00fcr Sie zusammenzustellen.<\/p>\n\n<p>Ihre zentrale Anlaufstelle f\u00fcr die besten WordPress-Rabatte \u2013 ma\u00dfgeschneidert f\u00fcr Ihr Unternehmenswachstum. Wir wissen: Als Gr\u00fcnder:in&nbsp;z\u00e4hlt jede Ressource. Deshalb finden wir f\u00fcr Sie die lukrativsten WordPress-Deals \u2013 ob f\u00fcr Startups, Entwickler oder Agenturen. Unser Team kuratiert t\u00e4glich exklusive Angebote, damit Sie stets die besten Konditionen erhalten.<\/p>\n\n<h2 class=\"wp-block-heading\">Warum WPdiscounts?<\/h2>\n\n<figure class=\"wp-block-image size-large\"><img loading=\"lazy\" decoding=\"async\" width=\"1024\" height=\"683\" src=\"http:\/\/wpdiscounts.io\/de\/wp-content\/uploads\/2023\/08\/unnamed-file-1024x683.jpg\" alt class=\"wp-image-4452\" srcset=\"https:\/\/wpdiscounts.io\/de\/wp-content\/uploads\/2023\/08\/unnamed-file-1024x683.jpg 1024w, https:\/\/wpdiscounts.io\/de\/wp-content\/uploads\/2023\/08\/unnamed-file-300x200.jpg 300w, https:\/\/wpdiscounts.io\/de\/wp-content\/uploads\/2023\/08\/unnamed-file-768x512.jpg 768w, https:\/\/wpdiscounts.io\/de\/wp-content\/uploads\/2023\/08\/unnamed-file-1536x1024.jpg 1536w, https:\/\/wpdiscounts.io\/de\/wp-content\/uploads\/2023\/08\/unnamed-file-2048x1365.jpg 2048w\" sizes=\"auto, (max-width: 1024px) 100vw, 1024px\" \/><\/figure>\n\n<figure class=\"wp-block-image size-full\"><img loading=\"lazy\" decoding=\"async\" width=\"2000\" height=\"1440\" src=\"http:\/\/wpdiscounts.io\/de\/wp-content\/uploads\/2023\/08\/5155706_2717029-1.jpg\" alt class=\"wp-image-4475\" srcset=\"https:\/\/wpdiscounts.io\/de\/wp-content\/uploads\/2023\/08\/5155706_2717029-1.jpg 2000w, https:\/\/wpdiscounts.io\/de\/wp-content\/uploads\/2023\/08\/5155706_2717029-1-300x216.jpg 300w, https:\/\/wpdiscounts.io\/de\/wp-content\/uploads\/2023\/08\/5155706_2717029-1-1024x737.jpg 1024w, https:\/\/wpdiscounts.io\/de\/wp-content\/uploads\/2023\/08\/5155706_2717029-1-768x553.jpg 768w, https:\/\/wpdiscounts.io\/de\/wp-content\/uploads\/2023\/08\/5155706_2717029-1-1536x1106.jpg 1536w\" sizes=\"auto, (max-width: 2000px) 100vw, 2000px\" \/><\/figure>\n\n<h2 class=\"wp-block-heading\">F\u00fcr wen lohnt sich WPdiscounts?<\/h2>\n\n<p>Wir unterst\u00fctzen alle im WordPress-Universum \u2013 von Startups bis Profis.Egal, ob Sie als Gr\u00fcnder:in mit kleinem Budget starten oder eine etablierte Agentur leiten:Bei uns finden Sie ma\u00dfgeschneiderte WordPress-Rabatte und Gutscheincodes f\u00fcr jeden Bedarf.<\/p><p>Unsere Plattform wurde entwickelt, um Ihr Wachstum zu beschleunigen \u2013 mit exklusiven Deals, die Ihren Erfolg befeuern.<\/p><p>\n<\/p><p>\n<\/p>\n\n<h2 class=\"wp-block-heading\">Wir geben an die Community zur\u00fcck<\/h2>\n\n<p>Bei WPdiscounts.io sch\u00e4tzen wir die Unterst\u00fctzung der WordPress-Community enorm. Dank unserer gro\u00dfz\u00fcgigen Partner \u2013 Anbietern von Premium-Plugins, Themes und Hosting-Diensten \u2013<br \/>konnten wir tief in die WordPress-Welt eintauchen.<\/p>\n<p>Heute verbinden wir Unternehmen mit ihrer Zielgruppe und helfen Nutzern, die besten WordPress-Deals zu finden.<\/p>\n\n<figure class=\"wp-block-image size-medium\"><img loading=\"lazy\" decoding=\"async\" width=\"300\" height=\"300\" src=\"http:\/\/wpdiscounts.io\/de\/wp-content\/uploads\/2023\/08\/wapuu-collector-pin-for-community-300x300.png\" alt class=\"wp-image-4453\" srcset=\"https:\/\/wpdiscounts.io\/de\/wp-content\/uploads\/2023\/08\/wapuu-collector-pin-for-community-300x300.png 300w, https:\/\/wpdiscounts.io\/de\/wp-content\/uploads\/2023\/08\/wapuu-collector-pin-for-community-150x150.png 150w, https:\/\/wpdiscounts.io\/de\/wp-content\/uploads\/2023\/08\/wapuu-collector-pin-for-community.png 332w\" sizes=\"auto, (max-width: 300px) 100vw, 300px\" \/><\/figure>\n\nWPdiscounts.io wird mit Stolz entwickelt von WPdots.io \u2013\neinem Team talentierter WordPress-Enthusiasten.\n\nMustaasam Saleem\n\n<figure class=\"wp-block-image size-thumbnail\"><img loading=\"lazy\" decoding=\"async\" width=\"150\" height=\"150\" src=\"http:\/\/wpdiscounts.io\/de\/wp-content\/uploads\/2023\/10\/ahsan-parwez-co-founder-150x150.jpg\" alt class=\"wp-image-6347\" srcset=\"https:\/\/wpdiscounts.io\/de\/wp-content\/uploads\/2023\/10\/ahsan-parwez-co-founder-150x150.jpg 150w, https:\/\/wpdiscounts.io\/de\/wp-content\/uploads\/2023\/10\/ahsan-parwez-co-founder-300x300.jpg 300w, https:\/\/wpdiscounts.io\/de\/wp-content\/uploads\/2023\/10\/ahsan-parwez-co-founder.jpg 400w\" sizes=\"auto, (max-width: 150px) 100vw, 150px\" \/><\/figure>\n\nAhsan Parwez\n\nHead of Marketing\n\nJon Zaidi\n\n<figure class=\"wp-block-image size-thumbnail\"><img loading=\"lazy\" decoding=\"async\" width=\"150\" height=\"150\" src=\"http:\/\/wpdiscounts.io\/de\/wp-content\/uploads\/2024\/01\/Agha-150x150.jpg\" alt class=\"wp-image-10209\" srcset=\"https:\/\/wpdiscounts.io\/de\/wp-content\/uploads\/2024\/01\/Agha-150x150.jpg 150w, https:\/\/wpdiscounts.io\/de\/wp-content\/uploads\/2024\/01\/Agha-300x300.jpg 300w, https:\/\/wpdiscounts.io\/de\/wp-content\/uploads\/2024\/01\/Agha-768x768.jpg 768w, https:\/\/wpdiscounts.io\/de\/wp-content\/uploads\/2024\/01\/Agha.jpg 913w\" sizes=\"auto, (max-width: 150px) 100vw, 150px\" \/><\/figure>\n\nAgha Muhammad\n\nCommunity Expert\n\n<figure class=\"wp-block-image size-full\"><img loading=\"lazy\" decoding=\"async\" width=\"2000\" height=\"1440\" src=\"http:\/\/wpdiscounts.io\/de\/wp-content\/uploads\/2023\/08\/5155706_2717029-1.jpg\" alt class=\"wp-image-4475\" srcset=\"https:\/\/wpdiscounts.io\/de\/wp-content\/uploads\/2023\/08\/5155706_2717029-1.jpg 2000w, https:\/\/wpdiscounts.io\/de\/wp-content\/uploads\/2023\/08\/5155706_2717029-1-300x216.jpg 300w, https:\/\/wpdiscounts.io\/de\/wp-content\/uploads\/2023\/08\/5155706_2717029-1-1024x737.jpg 1024w, https:\/\/wpdiscounts.io\/de\/wp-content\/uploads\/2023\/08\/5155706_2717029-1-768x553.jpg 768w, https:\/\/wpdiscounts.io\/de\/wp-content\/uploads\/2023\/08\/5155706_2717029-1-1536x1106.jpg 1536w\" sizes=\"auto, (max-width: 2000px) 100vw, 2000px\" \/><\/figure>\n\n<h3 class=\"wp-block-heading\">Mustassam Saleem<\/h3>\n\n<b>Co-founder &amp; CTO<br><\/b>The visionary who helps us Aspire to new heights with 8+ years of WordPress magic.\n\n<figure class=\"wp-block-image size-full\"><img loading=\"lazy\" decoding=\"async\" width=\"400\" height=\"411\" src=\"https:\/\/wpdiscounts.io\/de\/wp-content\/uploads\/2023\/12\/mustaasam-saleem-hostwp.jpg\" alt class=\"wp-image-9020\" srcset=\"https:\/\/wpdiscounts.io\/de\/wp-content\/uploads\/2023\/12\/mustaasam-saleem-hostwp.jpg 400w, https:\/\/wpdiscounts.io\/de\/wp-content\/uploads\/2023\/12\/mustaasam-saleem-hostwp-292x300.jpg 292w\" sizes=\"auto, (max-width: 400px) 100vw, 400px\" \/><\/figure>\n\n<h3 class=\"wp-block-heading\">Ahsan Parvez<\/h3>\n\n<b>Co-founder &amp; CEO<br><\/b>The connector who brings people together to Connect and collaborate.\n\n<figure class=\"wp-block-image size-full\"><img loading=\"lazy\" decoding=\"async\" width=\"452\" height=\"452\" src=\"https:\/\/wpdiscounts.io\/de\/wp-content\/uploads\/2025\/09\/ahsan-dp.jpg\" alt class=\"wp-image-23015\" srcset=\"https:\/\/wpdiscounts.io\/de\/wp-content\/uploads\/2025\/09\/ahsan-dp.jpg 452w, https:\/\/wpdiscounts.io\/de\/wp-content\/uploads\/2025\/09\/ahsan-dp-300x300.jpg 300w, https:\/\/wpdiscounts.io\/de\/wp-content\/uploads\/2025\/09\/ahsan-dp-150x150.jpg 150w\" sizes=\"auto, (max-width: 452px) 100vw, 452px\" \/><\/figure>\n\n<h3 class=\"wp-block-heading\">Jon Zaidi<\/h3>\n\n<b>WordPress Dev<br><\/b>The builder who turns ideas into reality, helping you Expand your WordPress dreams.\n\n<figure class=\"wp-block-image size-full\"><img loading=\"lazy\" decoding=\"async\" width=\"767\" height=\"767\" src=\"https:\/\/wpdiscounts.io\/de\/wp-content\/uploads\/2024\/01\/Jon-Zaidi.jpg\" alt class=\"wp-image-10207\" srcset=\"https:\/\/wpdiscounts.io\/de\/wp-content\/uploads\/2024\/01\/Jon-Zaidi.jpg 767w, https:\/\/wpdiscounts.io\/de\/wp-content\/uploads\/2024\/01\/Jon-Zaidi-300x300.jpg 300w, https:\/\/wpdiscounts.io\/de\/wp-content\/uploads\/2024\/01\/Jon-Zaidi-150x150.jpg 150w\" sizes=\"auto, (max-width: 767px) 100vw, 767px\" \/><\/figure>\n\n<h3 class=\"wp-block-heading\">Syed Ali<\/h3>\n\n<b>WordPress Dev<\/b>&nbsp;<br>The frontend specialist who beautifies WordPress projects and builds modern websites.\n\n<figure class=\"wp-block-image size-full\"><img loading=\"lazy\" decoding=\"async\" width=\"576\" height=\"1024\" src=\"https:\/\/wpdiscounts.io\/de\/wp-content\/uploads\/2025\/05\/s.ali_-1-576x1024-1.jpeg\" alt class=\"wp-image-21809\" srcset=\"https:\/\/wpdiscounts.io\/de\/wp-content\/uploads\/2025\/05\/s.ali_-1-576x1024-1.jpeg 576w, https:\/\/wpdiscounts.io\/de\/wp-content\/uploads\/2025\/05\/s.ali_-1-576x1024-1-169x300.jpeg 169w\" sizes=\"auto, (max-width: 576px) 100vw, 576px\" \/><\/figure>\n\n<h3 class=\"wp-block-heading\">Jaari Raza<\/h3>\n\n<b>Digital Marketer<\/b>&nbsp;<br>The WordPress product guru. He knows which products come with the best price.\n\n<figure class=\"wp-block-image size-full\"><img loading=\"lazy\" decoding=\"async\" width=\"720\" height=\"770\" src=\"https:\/\/wpdiscounts.io\/de\/wp-content\/uploads\/2025\/05\/jari-raza.jpeg\" alt class=\"wp-image-21808\" srcset=\"https:\/\/wpdiscounts.io\/de\/wp-content\/uploads\/2025\/05\/jari-raza.jpeg 720w, https:\/\/wpdiscounts.io\/de\/wp-content\/uploads\/2025\/05\/jari-raza-281x300.jpeg 281w\" sizes=\"auto, (max-width: 720px) 100vw, 720px\" \/><\/figure>\n\n<h3 class=\"wp-block-heading\">Ayra J.<\/h3>\n\n<b>Support Expert <\/b>&nbsp;<br>The friendly problem-solver who ensures every connection is smooth and operational.\n\n<figure class=\"wp-block-image size-full\"><img loading=\"lazy\" decoding=\"async\" width=\"1024\" height=\"1024\" src=\"https:\/\/wpdiscounts.io\/de\/wp-content\/uploads\/2025\/05\/Ayra-J.jpg\" alt class=\"wp-image-21810\" srcset=\"https:\/\/wpdiscounts.io\/de\/wp-content\/uploads\/2025\/05\/Ayra-J.jpg 1024w, https:\/\/wpdiscounts.io\/de\/wp-content\/uploads\/2025\/05\/Ayra-J-300x300.jpg 300w, https:\/\/wpdiscounts.io\/de\/wp-content\/uploads\/2025\/05\/Ayra-J-150x150.jpg 150w, https:\/\/wpdiscounts.io\/de\/wp-content\/uploads\/2025\/05\/Ayra-J-768x768.jpg 768w\" sizes=\"auto, (max-width: 1024px) 100vw, 1024px\" \/><\/figure>\n\n<h3 class=\"wp-block-heading\">Martins Toritseju<\/h3>\n\n<b>Technical Writer <\/b>&nbsp;<br>Our talented writer who transforms complex technical concepts into clear, engaging content for everyone.\n\n<figure class=\"wp-block-image size-full\"><img loading=\"lazy\" decoding=\"async\" width=\"500\" height=\"500\" src=\"https:\/\/wpdiscounts.io\/de\/wp-content\/uploads\/2025\/09\/martins.png\" alt class=\"wp-image-23018\" srcset=\"https:\/\/wpdiscounts.io\/de\/wp-content\/uploads\/2025\/09\/martins.png 500w, https:\/\/wpdiscounts.io\/de\/wp-content\/uploads\/2025\/09\/martins-300x300.png 300w, https:\/\/wpdiscounts.io\/de\/wp-content\/uploads\/2025\/09\/martins-150x150.png 150w\" sizes=\"auto, (max-width: 500px) 100vw, 500px\" \/><\/figure>\n\n<h2 class=\"wp-block-heading\">Lernen Sie die freundlichen Gesichter hinter WPdiscounts.io kennen<\/h2>\n\nGenau wie Sie sind wir WordPress-Enthusiasten \u2013 immer auf der Suche nach aufregenden neuen Produkten und den besten Preisen f\u00fcr Top-Seller und beliebte WordPress-Produkte, darunter Themes, Plugins, Webhosting und mehr.\n\n<h2 class=\"has-text-align-center wp-block-heading\">Lernen Sie unsere WordPress-Marken kennen<\/h2>\n\n<h4 class=\"wp-block-heading\">WPfounders.com<\/h4>\n\nWo WordPress-Erfolgsgeschichten zum Leben erwachen. Lassen Sie sich von den Werdeg\u00e4ngen derer inspirieren, die es ganz nach oben geschafft haben!\n\n<div class=\"wp-block-buttons is-layout-flex wp-block-buttons-is-layout-flex\"><div class=\"wp-block-button\"><a class=\"wp-block-button__link\">Seite besuchen<\/a><\/div><\/div>\n\n<h4 class=\"wp-block-heading\">HostWP.io<\/h4>\n\nBlitzschnelles Litespeed Enterprise Hosting, das Ihr Budget nicht sprengt. Ihre WordPress-Seite verdient die VIP-Behandlung.\n\n<div class=\"wp-block-buttons is-layout-flex wp-block-buttons-is-layout-flex\"><div class=\"wp-block-button\"><a class=\"wp-block-button__link\">Seite besuchen<\/a><\/div><\/div>\n\n<h4 class=\"wp-block-heading\">WPwriters.org<\/h4>\n\nWortakrobaten, die erstklassige, faktengepr\u00fcfte und einzigartige technische Inhalte erstellen. Von Blogs bis zu Dokumentationen \u2013 wir halten Ihnen den R\u00fccken frei.\n\n<div class=\"wp-block-buttons is-layout-flex wp-block-buttons-is-layout-flex\"><div class=\"wp-block-button\"><a class=\"wp-block-button__link\">Seite besuchen<\/a><\/div><\/div>\n\n<h4 class=\"wp-block-heading\">CheckWP.io<\/h4>\n\nIhre erste Anlaufstelle f\u00fcr WordPress-Agenturleistungen in den Bereichen Geschwindigkeitsoptimierung, Design, Entwicklung &amp; Design, Wartung und Website-Migrationen.\n\n<div class=\"wp-block-buttons is-layout-flex wp-block-buttons-is-layout-flex\"><div class=\"wp-block-button\"><a class=\"wp-block-button__link\">Seite besuchen<\/a><\/div><\/div>\n\n<h4 class=\"wp-block-heading\">WPdiscounts.io<\/h4>\n\nIhre Schatzkarte zu den besten WordPress-Angeboten. Sie k\u00f6nnen uns vertrauen, Ihnen bei der richtigen Kaufentscheidung zu helfen.\n\n<div class=\"wp-block-buttons is-layout-flex wp-block-buttons-is-layout-flex\"><div class=\"wp-block-button\"><a class=\"wp-block-button__link\">Seite besuchen<\/a><\/div><\/div>\n\n<h4 class=\"wp-block-heading\">WPapac.com<\/h4>\n\nEin starkes Kollektiv von WordPress-Profis im gesamten asiatisch-pazifischen Raum. Wir verst\u00e4rken die Stimmen von Mitwirkenden und Unternehmen.\n\n<div class=\"wp-block-buttons is-layout-flex wp-block-buttons-is-layout-flex\"><div class=\"wp-block-button\"><a class=\"wp-block-button__link\">Seite besuchen<\/a><\/div><\/div>","protected":false},"excerpt":{"rendered":"<p>Beste WordPress-Gutscheine, Rabatte &amp; Angebote Wir machen die Suche nach WordPress-Rabatten, Gutscheincodes und Sonderangeboten m\u00fchelos. Unser Team durchsucht t\u00e4glich das Internet, um die besten aktuellen WordPress-Deals und Gutscheine f\u00fcr Sie zusammenzustellen. Ihre zentrale Anlaufstelle f\u00fcr die besten WordPress-Rabatte \u2013 ma\u00dfgeschneidert f\u00fcr Ihr Unternehmenswachstum. Wir wissen: Als Gr\u00fcnder:in&nbsp;z\u00e4hlt jede Ressource. Deshalb finden wir f\u00fcr Sie die [&hellip;]<\/p>\n","protected":false},"author":1,"featured_media":0,"parent":0,"menu_order":0,"comment_status":"closed","ping_status":"closed","template":"","meta":{"_acf_changed":false,"footnotes":""},"class_list":["post-4428","page","type-page","status-publish","hentry"],"acf":[],"_links":{"self":[{"href":"https:\/\/wpdiscounts.io\/de\/wp-json\/wp\/v2\/pages\/4428","targetHints":{"allow":["GET"]}}],"collection":[{"href":"https:\/\/wpdiscounts.io\/de\/wp-json\/wp\/v2\/pages"}],"about":[{"href":"https:\/\/wpdiscounts.io\/de\/wp-json\/wp\/v2\/types\/page"}],"author":[{"embeddable":true,"href":"https:\/\/wpdiscounts.io\/de\/wp-json\/wp\/v2\/users\/1"}],"replies":[{"embeddable":true,"href":"https:\/\/wpdiscounts.io\/de\/wp-json\/wp\/v2\/comments?post=4428"}],"version-history":[{"count":22,"href":"https:\/\/wpdiscounts.io\/de\/wp-json\/wp\/v2\/pages\/4428\/revisions"}],"predecessor-version":[{"id":23023,"href":"https:\/\/wpdiscounts.io\/de\/wp-json\/wp\/v2\/pages\/4428\/revisions\/23023"}],"wp:attachment":[{"href":"https:\/\/wpdiscounts.io\/de\/wp-json\/wp\/v2\/media?parent=4428"}],"curies":[{"name":"wp","href":"https:\/\/api.w.org\/{rel}","templated":true}]}}