{"id":4405,"date":"2023-08-25T11:49:05","date_gmt":"2023-08-25T11:49:05","guid":{"rendered":"https:\/\/wpdiscounts.io\/de\/?page_id=4405"},"modified":"2025-07-11T14:40:51","modified_gmt":"2025-07-11T14:40:51","slug":"wordpress-plugins","status":"publish","type":"page","link":"https:\/\/wpdiscounts.io\/de\/wordpress-plugins\/","title":{"rendered":"Best WordPress Plugins Coupon, Deals &#038; Discounts"},"content":{"rendered":"<div class=\"wp-block-buttons is-layout-flex wp-block-buttons-is-layout-flex\"><div class=\"wp-block-button\"><a class=\"wp-block-button__link\">Abonnieren<\/a><\/div><\/div>\n\n<h0 class=\"has-text-align-center\">Erhalten Sie Premium-WordPress-Plugin-Rabatte zu den besten Preisen, verbessern Sie Ihre Website und sparen Sie viel Geld. Unser Team w\u00e4hlt die besten WordPress-Plugins sorgf\u00e4ltig aus und \u00fcberpr\u00fcft sie.<br><br>Melden Sie sich an, um exklusive Angebote in Ihrem Posteingang zu erhalten.<\/h0>\n\n<h2 class=\"has-text-align-center wp-block-heading\">Ausgew\u00e4hlte WordPress Plugin Rabatte<\/h2>\n\nUm oben gelistet zu werden: <a href=\"http:\/\/wpdiscounts.io\/de\/become-a-partner\/\">Werden Sie Partner!<\/a>.\n\n{acf_short_discription}\n\n\n\n<h2 class=\"has-text-align-left wp-block-heading\">{acf_product_name:link}<\/h2>\n\nVerifiziert\n\n<figure class=\"wp-block-image size-full\"><img loading=\"lazy\" decoding=\"async\" width=\"512\" height=\"512\" src=\"http:\/\/wpdiscounts.io\/de\/wp-content\/uploads\/2024\/09\/verified-bagde-icon-1.png\" alt class=\"wp-image-15103\" srcset=\"https:\/\/wpdiscounts.io\/de\/wp-content\/uploads\/2024\/09\/verified-bagde-icon-1.png 512w, https:\/\/wpdiscounts.io\/de\/wp-content\/uploads\/2024\/09\/verified-bagde-icon-1-300x300.png 300w, https:\/\/wpdiscounts.io\/de\/wp-content\/uploads\/2024\/09\/verified-bagde-icon-1-150x150.png 150w\" sizes=\"auto, (max-width: 512px) 100vw, 512px\" \/><\/figure>\n\n{acf_offer}\n\n\n\n<h2 class=\"has-text-align-center wp-block-heading\">WordPress Plugin Rabatte<\/h2>\n\n\n\n<h3 class=\"wp-block-heading\">{acf_product_name:link}<\/h3>\n\n{acf_short_discription}\n\n{acf_offer}\n\n\n\n<!-- wp:Array \/-->\n\n<h2 class=\"has-text-align-center wp-block-heading\">Faktoren, die Sie beim Kauf eines WordPress-Plugins ber\u00fccksichtigen sollten<\/h2>\n\nUpdates\n\nBewertungen\n\nFunktionen\n\nPreise\n\nKompatibilit\u00e4t\n\n<h3 class=\"wp-block-heading\">Regelm\u00e4\u00dfig aktualisiert<\/h3>\n\n<p>\n<\/p>\n\nAuch wenn lukrative WordPress-Plugin-Rabatte verlockend sein m\u00f6gen, achten Sie auf h\u00e4ufige Updates, \u00fcberpr\u00fcfen Sie das \u00c4nderungsprotokoll und lesen Sie die Produkt-Roadmap. Ein aktualisiertes Plugin beseitigt alle bestehenden Fehler, und Sie profitieren von der neuesten Kompatibilit\u00e4t, Leistung, Sicherheit und WordPress-Core-Korrekturen.<br><br>\n\n<h3 class=\"wp-block-heading\">Gute Bewertungen und Beurteilungen<\/h3>\n\nHere\u2019s the perfect German translation of that paragraph, maintaining a natural tone and standard capitalization, and considering the current time and location (though these don&#8217;t affect the translation itself):<span style=\"color: var(--bricks-color-sxkxyq);\">Stellen Sie sicher, dass das Plugin zahlreiche positive Bewertungen und R\u00fcckmeldungen von bestehenden Kunden hat, was darauf hindeutet, dass es getestet wurde. Eine Bewertung von 4,0 bis 4,5 oder h\u00f6her \u00fcber einen l\u00e4ngeren Zeitraum bedeutet, dass das Plugin stabil und zuverl\u00e4ssig ist.<\/span><div><br><\/div><div>Unser Team stellt sicher, dass alle unsere ausgew\u00e4hlten Plugins gute Bewertungen und Kundenfeedback haben.<\/div>\n\n<h3 class=\"wp-block-heading\">Kernfunktionen<\/h3>\n\nPr\u00fcfen Sie, ob Plugins die Kernfunktionen enthalten, die Ihr Unternehmen ben\u00f6tigt, ohne unn\u00f6tigen Ballast hinzuzuf\u00fcgen, der Ihre Website verlangsamen kann. W\u00e4hlen Sie Plugins, die zahlreiche Funktionen mit erweiterten Optionen bieten und schlank sind.<br><br><br><br>\n\n<h3 class=\"wp-block-heading\">Konsistente Preispl\u00e4ne<\/h3>\n\nVerschiedene Plugins bieten \u00e4hnliche Funktionen, unterscheiden sich jedoch in ihrer Preisstruktur. Einige berechnen eine einmalige Geb\u00fchr (Lifetime-Lizenz), w\u00e4hrend andere monatliche oder j\u00e4hrliche Geb\u00fchren erheben. W\u00e4hlen Sie, wenn m\u00f6glich, die Lifetime-Preisgestaltung, die die maximale Anzahl an Websites pro Plan beinhaltet, da Sie dadurch langfristig sparen.<div><br><\/div>\n\n<h3 class=\"wp-block-heading\">Cross-Kompatibilit\u00e4t &amp; Fehlerfrei<\/h3>\n\n\u00dcberpr\u00fcfen Sie die Kompatibilit\u00e4t des gew\u00fcnschten Plugins. Es sollte mit g\u00e4ngigen Themes, Page Buildern, anderen von Ihnen verwendeten Plugins und der neuesten WordPress-Version kompatibel sein. Ein Standalone-Plugin funktioniert m\u00f6glicherweise am besten, aber die Verwendung mit anderen Plugins\/Themes kann zu Konflikten f\u00fchren und die Gesamtleistung Ihrer Website beeintr\u00e4chtigen.\n\n<h2 class=\"has-text-align-center wp-block-heading\">So \u00fcberpr\u00fcfen wir Promo-Codes, Gutscheine und Rabatte<\/h2>\n\nSchritt 1\n\n<h3 class=\"wp-block-heading\">\u00dcberpr\u00fcfen Sie den Ruf des Plugins<\/h3>\n\nUnser Team ist seit mehr als einem Jahrzehnt in der Branche t\u00e4tig und hat mit zahlreichen WordPress-Plugin-Unternehmen zusammengearbeitet. Wir analysieren die Bewertungen und Fallstudien des Plugins und entscheiden dann, ob wir es auf unserer Website auflisten.<div><br><\/div><div><br><\/div>\n\nSchritt 2\n\n<h3 class=\"wp-block-heading\">Sprechen Sie mit dem Team<\/h3>\n\nWir f\u00fchren ausf\u00fchrliche Gespr\u00e4che mit dem Team des Plugins und dessen Gr\u00fcnder, um die besten Kooperationsm\u00f6glichkeiten und Rabatte f\u00fcr unser Publikum zu erzielen. Die meisten Partner gew\u00e4hren uns exklusive Rabatte mit l\u00e4ngerer G\u00fcltigkeitsdauer f\u00fcr alle Preispl\u00e4ne.\n\nSchritt 3\n\n<h3 class=\"wp-block-heading\">Das Plugin auflisten<\/h3>\n\nUnsere Experten gehen die Extrameile, um zu \u00fcberpr\u00fcfen, ob es auf allen Preispl\u00e4nen funktioniert, damit Sie es nicht tun m\u00fcssen. Abschlie\u00dfend erstellen wir eine spezielle WordPress-Plugin-Rabatt-Landingpage und listen sie auf verschiedenen Seiten und in Blogs auf. Alle Informationen, die Sie \u00fcber unsere ausgew\u00e4hlten Plugins sehen, sind g\u00fcltig und getestet.\n\n<h2 class=\"wp-block-heading\">Suchen Sie noch nach Ihrem gew\u00fcnschten Plugin?<\/h2>\n\nKein gro\u00dfes Problem. Lassen Sie uns wissen, nach welchem Plugin Sie suchen, und wir leiten Sie zum besten WordPress-Plugin mit einem Rabattcoupon.\n\nErweitern Sie die Funktionalit\u00e4t Ihrer Website mit erstklassigen Plugins zu den besten Preisen.","protected":false},"excerpt":{"rendered":"<p>Erhalten Sie Premium-WordPress-Plugin-Rabatte zu den besten Preisen, verbessern Sie Ihre Website und sparen Sie viel Geld. Unser Team w\u00e4hlt die besten WordPress-Plugins sorgf\u00e4ltig aus und \u00fcberpr\u00fcft sie. Melden Sie sich an, um exklusive Angebote in Ihrem Posteingang zu erhalten. Ausgew\u00e4hlte WordPress Plugin Rabatte Um oben gelistet zu werden: Werden Sie Partner!. {acf_short_discription} {acf_product_name:link} Verifiziert {acf_offer} [&hellip;]<\/p>\n","protected":false},"author":1,"featured_media":0,"parent":0,"menu_order":0,"comment_status":"closed","ping_status":"closed","template":"","meta":{"_acf_changed":false,"footnotes":""},"class_list":["post-4405","page","type-page","status-publish","hentry"],"acf":[],"_links":{"self":[{"href":"https:\/\/wpdiscounts.io\/de\/wp-json\/wp\/v2\/pages\/4405","targetHints":{"allow":["GET"]}}],"collection":[{"href":"https:\/\/wpdiscounts.io\/de\/wp-json\/wp\/v2\/pages"}],"about":[{"href":"https:\/\/wpdiscounts.io\/de\/wp-json\/wp\/v2\/types\/page"}],"author":[{"embeddable":true,"href":"https:\/\/wpdiscounts.io\/de\/wp-json\/wp\/v2\/users\/1"}],"replies":[{"embeddable":true,"href":"https:\/\/wpdiscounts.io\/de\/wp-json\/wp\/v2\/comments?post=4405"}],"version-history":[{"count":100,"href":"https:\/\/wpdiscounts.io\/de\/wp-json\/wp\/v2\/pages\/4405\/revisions"}],"predecessor-version":[{"id":22211,"href":"https:\/\/wpdiscounts.io\/de\/wp-json\/wp\/v2\/pages\/4405\/revisions\/22211"}],"wp:attachment":[{"href":"https:\/\/wpdiscounts.io\/de\/wp-json\/wp\/v2\/media?parent=4405"}],"curies":[{"name":"wp","href":"https:\/\/api.w.org\/{rel}","templated":true}]}}