{"id":4345,"date":"2023-08-25T07:21:53","date_gmt":"2023-08-25T07:21:53","guid":{"rendered":"https:\/\/wpdiscounts.io\/de\/?page_id=4345"},"modified":"2025-07-14T15:36:06","modified_gmt":"2025-07-14T15:36:06","slug":"wordpress-themes","status":"publish","type":"page","link":"https:\/\/wpdiscounts.io\/de\/wordpress-themes\/","title":{"rendered":"WordPress Theme Discounts"},"content":{"rendered":"<div class=\"wp-block-buttons is-layout-flex wp-block-buttons-is-layout-flex\"><div class=\"wp-block-button\"><a class=\"wp-block-button__link\">Abonnieren<\/a><\/div><\/div>\n\n<!-- wp:Array \/-->\n\nSparen Sie gro\u00df bei Premium-Themes und verbessern Sie die Optik Ihrer Website mit beeindruckenden Designs ohne Programmierung.\n\n<h0 class=\"has-text-align-center\">W\u00e4hlen Sie aus einer gro\u00dfen Auswahl hochwertiger Themes \u00fcber unsere WordPress Theme Rabattcoupons und sichern Sie sich die Ersparnisse bei Ihrem n\u00e4chsten Kauf. Unsere Experten w\u00e4hlen alle WordPress Themes aus.<br><br>Melden Sie sich an, um exklusive Angebote in Ihrem Posteingang zu erhalten.<\/h0>\n\nIHR LOGO\n\nHier pr\u00e4sentieren wir die Beschreibung Ihres WordPress-basierten Produkts oder Ihrer Dienstleistung.\n\nAngebotsdetails\n\n<div class=\"wp-block-buttons is-layout-flex wp-block-buttons-is-layout-flex\"><div class=\"wp-block-button\"><a class=\"wp-block-button__link\">Gelistet werden<\/a><\/div><\/div>\n\nUm hier gelistet zu werden: <a href=\"http:\/\/wpdiscounts.io\/de\/become-a-partner\/\">Werden Sie Partner<\/a>.\n\n\n\n<h3 class=\"wp-block-heading\">{acf_product_name:link}<\/h3>\n\n{acf_short_discription}\n\n{acf_offer}\n\n\n\n<h2 class=\"has-text-align-center wp-block-heading\">Hervorgehobene WordPress Themes Rabatte<\/h2>\n\n<h2 class=\"has-text-align-center wp-block-heading\">WordPress Themes Rabatte<\/h2>\n\n{acf_short_discription}\n\n\n\n<h2 class=\"has-text-align-left wp-block-heading\">{acf_product_name:link}<\/h2>\n\nVerifiziert\n\n<figure class=\"wp-block-image size-full\"><img loading=\"lazy\" decoding=\"async\" width=\"512\" height=\"512\" src=\"http:\/\/wpdiscounts.io\/de\/wp-content\/uploads\/2024\/09\/verified-bagde-icon-1.png\" alt class=\"wp-image-15103\" srcset=\"https:\/\/wpdiscounts.io\/de\/wp-content\/uploads\/2024\/09\/verified-bagde-icon-1.png 512w, https:\/\/wpdiscounts.io\/de\/wp-content\/uploads\/2024\/09\/verified-bagde-icon-1-300x300.png 300w, https:\/\/wpdiscounts.io\/de\/wp-content\/uploads\/2024\/09\/verified-bagde-icon-1-150x150.png 150w\" sizes=\"auto, (max-width: 512px) 100vw, 512px\" \/><\/figure>\n\n{acf_offer}\n\n\n\n<h2 class=\"has-text-align-center wp-block-heading\">Faktoren, die Sie beim Kauf eines WordPress Themes ber\u00fccksichtigen sollten<\/h2>\n\nAnpassung\n\nKompatibilit\u00e4t\n\nPlugins\n\nPage Builder\n\nBewertungen\n\n<h3 class=\"wp-block-heading\">Anpassungsoptionen<\/h3>\n\n<p>\n<\/p>\n\nW\u00e4hlen Sie ein Theme aus unserem WordPress Rabattcoupon-Angebot mit umfangreichen Anpassungsoptionen. Es sollte Drag-and-Drop-Funktionalit\u00e4t, verschiedene Farbschemata, Variationen von Anpassungslayouts, vorgefertigte Templates und die M\u00f6glichkeit bieten, bei Bedarf benutzerdefinierten Code hinzuzuf\u00fcgen.<br><br><br>\n\n<h3 class=\"wp-block-heading\">Browser\u00fcbergreifende Kompatibilit\u00e4t<\/h3>\n\n\u00dcberpr\u00fcfen Sie, ob Ihr gew\u00fcnschtes WordPress Theme browser\u00fcbergreifend kompatibel ist. Einige wenige Themes funktionieren gut auf einem Browser, aber nicht auf anderen. Dies ist ein entscheidender Faktor, um die Konsistenz Ihrer Website \u00fcber verschiedene Browser hinweg zu gew\u00e4hrleisten.<div><br><\/div><div>Unser Team unternimmt enorme Anstrengungen, um sicherzustellen, dass alle unsere ausgew\u00e4hlten Themes browser\u00fcbergreifend kompatibel sind.<\/div>\n\n<h3 class=\"wp-block-heading\">Plugin-Kompatibilit\u00e4t<\/h3>\n\nWenn Sie ein Theme ausw\u00e4hlen, stellen Sie sicher, dass es mit Page Buildern, SEO-, Sicherheits-, Caching- und anderen wichtigen Plugins kompatibel ist. Die Auswahl eines inkompatiblen Themes f\u00fchrt dazu, dass Ihre Website h\u00e4ufig abst\u00fcrzt und nicht mehr funktioniert.<div><br><\/div><div>Unsere Experten stellen sicher, dass alle WordPress Themes, die wir auf dieser Seite aufgelistet haben, bekannterma\u00dfen mit g\u00e4ngigen WordPress Plugins kompatibel sind.<\/div>\n\n<h3 class=\"wp-block-heading\">Unterst\u00fctzung f\u00fcr Page Builder<\/h3>\n\nManchmal m\u00fcssen Sie m\u00f6glicherweise benutzerdefinierte Seitenlayouts ohne Programmierung erstellen. Daher m\u00fcssen Sie \u00fcberpr\u00fcfen, ob Ihr ausgew\u00e4hltes Theme mit WordPress Page Buildern kompatibel ist. Die Auswahl eines alternativen Themes verhindert, dass Sie mit Ihrem bevorzugten Page Builder benutzerdefinierte Seiten erstellen k\u00f6nnen.<br><br><br><br>\n\n<h3 class=\"wp-block-heading\">Positive Bewertungen<\/h3>\n\nBevor Sie das Theme kaufen, stellen Sie sicher, dass es eine Bewertung von 4.0 bis 4.5 oder h\u00f6her mit positiven Bewertungen beibehalten hat. \u00dcberpr\u00fcfen Sie auch das Datum und die Zeitangaben der ver\u00f6ffentlichten Bewertungen. Dies gibt Aufschluss \u00fcber die neuesten Informationen dar\u00fcber, welche Erfahrungen die aktuellen Nutzer machen.<div><br><\/div><div><br><br><\/div>\n\n<h2 class=\"has-text-align-center wp-block-heading\">Wie wir Promo-Codes, Gutscheine und Rabatte \u00fcberpr\u00fcfen<\/h2>\n\nSchritt 1\n\n<h3 class=\"wp-block-heading\">\u00dcberpr\u00fcfen Sie den Ruf des Themes<\/h3>\n\nUnser Team ist seit \u00fcber einem Jahrzehnt in der Branche t\u00e4tig und hat mit zahlreichen WordPress Theme Unternehmen zusammengearbeitet. Wir analysieren die Bewertungen und Fallstudien der Themes und entscheiden dann, ob wir sie auf unserer Website aufnehmen.\n\nSchritt 2\n\n<h3 class=\"wp-block-heading\">Mit dem Team sprechen<\/h3>\n\nWir f\u00fchren ausf\u00fchrliche Gespr\u00e4che mit dem Team und den Mitgr\u00fcndern des Themes, um die besten Kooperationsm\u00f6glichkeiten und Rabatte f\u00fcr unser Publikum zu erzielen. Die meisten Partner gew\u00e4hren exklusive Rabatte nur f\u00fcr uns, mit l\u00e4ngerer G\u00fcltigkeit f\u00fcr alle Preispl\u00e4ne.\n\nSchritt 3\n\n<h3 class=\"wp-block-heading\">Das Theme auflisten<\/h3>\n\nWir gehen die Extrameile, um zu \u00fcberpr\u00fcfen, ob es auf allen Preispl\u00e4nen funktioniert, damit Sie es nicht tun m\u00fcssen. Schlie\u00dflich erstellen wir eine spezielle Landingpage f\u00fcr WordPress Theme Rabatte und listen es auf verschiedenen Seiten und Blogs auf. Alle Informationen, die Sie \u00fcber unsere ausgew\u00e4hlten Themes sehen, sind g\u00fcltig und getestet.\n\n<h2 class=\"wp-block-heading\">Suchen Sie immer noch nach Ihrem gew\u00fcnschten Theme?<\/h2>\n\nKein gro\u00dfes Problem. Lassen Sie uns wissen, nach welchem Theme Sie suchen, und wir leiten Sie zum besten Rabattcoupon f\u00fcr WordPress Themes weiter.","protected":false},"excerpt":{"rendered":"<p>Sparen Sie gro\u00df bei Premium-Themes und verbessern Sie die Optik Ihrer Website mit beeindruckenden Designs ohne Programmierung. W\u00e4hlen Sie aus einer gro\u00dfen Auswahl hochwertiger Themes \u00fcber unsere WordPress Theme Rabattcoupons und sichern Sie sich die Ersparnisse bei Ihrem n\u00e4chsten Kauf. Unsere Experten w\u00e4hlen alle WordPress Themes aus. Melden Sie sich an, um exklusive Angebote in [&hellip;]<\/p>\n","protected":false},"author":1,"featured_media":0,"parent":0,"menu_order":0,"comment_status":"closed","ping_status":"closed","template":"","meta":{"_acf_changed":false,"footnotes":""},"class_list":["post-4345","page","type-page","status-publish","hentry"],"acf":[],"_links":{"self":[{"href":"https:\/\/wpdiscounts.io\/de\/wp-json\/wp\/v2\/pages\/4345","targetHints":{"allow":["GET"]}}],"collection":[{"href":"https:\/\/wpdiscounts.io\/de\/wp-json\/wp\/v2\/pages"}],"about":[{"href":"https:\/\/wpdiscounts.io\/de\/wp-json\/wp\/v2\/types\/page"}],"author":[{"embeddable":true,"href":"https:\/\/wpdiscounts.io\/de\/wp-json\/wp\/v2\/users\/1"}],"replies":[{"embeddable":true,"href":"https:\/\/wpdiscounts.io\/de\/wp-json\/wp\/v2\/comments?post=4345"}],"version-history":[{"count":54,"href":"https:\/\/wpdiscounts.io\/de\/wp-json\/wp\/v2\/pages\/4345\/revisions"}],"predecessor-version":[{"id":22303,"href":"https:\/\/wpdiscounts.io\/de\/wp-json\/wp\/v2\/pages\/4345\/revisions\/22303"}],"wp:attachment":[{"href":"https:\/\/wpdiscounts.io\/de\/wp-json\/wp\/v2\/media?parent=4345"}],"curies":[{"name":"wp","href":"https:\/\/api.w.org\/{rel}","templated":true}]}}