{"id":4022,"date":"2023-08-18T11:26:27","date_gmt":"2023-08-18T11:26:27","guid":{"rendered":"https:\/\/wpdiscounts.io\/de\/?page_id=4022"},"modified":"2025-07-14T15:37:33","modified_gmt":"2025-07-14T15:37:33","slug":"wordpress-lifetime-deals","status":"publish","type":"page","link":"https:\/\/wpdiscounts.io\/de\/wordpress-lifetime-deals\/","title":{"rendered":"WordPress Lifetime Deals"},"content":{"rendered":"<!-- wp:Array \/-->\n\nSichern Sie sich beliebte und hochwertige Deals \u2013 ein Leben lang nutzen, ohne erneut zu zahlen!\n\n<h0 class=\"has-text-align-center\">Maximieren Sie die Funktionalit\u00e4t Ihrer Website mit unserer handverlesenen Auswahl an WordPress-Themes und Plugins. Holen Sie sich die besten WordPress-Lifetime-Deals \u2013 zahlen Sie einmal und profitieren Sie ein Leben lang von den Ersparnissen. Durchsuchen Sie Ihre gew\u00fcnschten Angebote und greifen Sie zu, solange sie noch verf\u00fcgbar sind.<br><br>Melden Sie sich an, um exklusive Angebote direkt in Ihren Posteingang zu erhalten.<\/h0>\n\n<div class=\"wp-block-buttons is-layout-flex wp-block-buttons-is-layout-flex\"><div class=\"wp-block-button\"><a class=\"wp-block-button__link\">Abonnieren<\/a><\/div><\/div>\n\nAll\n\nHosting\n\nPlugins\n\nWooCommerce\n\nThemes\n\n<figure class=\"wp-block-image size-thumbnail\"><img loading=\"lazy\" decoding=\"async\" width=\"150\" height=\"150\" src=\"https:\/\/wpdiscounts.io\/de\/wp-content\/uploads\/2023\/09\/BB-Home-Page-Header-v-2.0-done-and-publish-1-1.png-150x150.webp\" alt class=\"wp-image-5499\"><\/figure>\n\n<h2 class=\"has-text-align-left wp-block-heading\">{acf_product_name: link}<\/h2>\n\n{acf_short_discription}\n\n{acf_lifetime_offer}\n\n\n\n<figure class=\"wp-block-image size-thumbnail\"><img loading=\"lazy\" decoding=\"async\" width=\"150\" height=\"150\" src=\"https:\/\/wpdiscounts.io\/de\/wp-content\/uploads\/2023\/09\/BB-Home-Page-Header-v-2.0-done-and-publish-1-1.png-150x150.webp\" alt class=\"wp-image-5499\"><\/figure>\n\n<h2 class=\"has-text-align-left wp-block-heading\">{post_title: link}<\/h2>\n\n{acf_short_discription}\n\n{acf_lifetime_offer}\n\n\n\n<figure class=\"wp-block-image size-thumbnail\"><img loading=\"lazy\" decoding=\"async\" width=\"150\" height=\"150\" src=\"https:\/\/wpdiscounts.io\/de\/wp-content\/uploads\/2023\/09\/BB-Home-Page-Header-v-2.0-done-and-publish-1-1.png-150x150.webp\" alt class=\"wp-image-5499\"><\/figure>\n\n<h2 class=\"has-text-align-left wp-block-heading\">{post_title: link}<\/h2>\n\n{acf_short_discription}\n\n{acf_lifetime_offer}\n\n\n\n<figure class=\"wp-block-image size-thumbnail\"><img loading=\"lazy\" decoding=\"async\" width=\"150\" height=\"150\" src=\"https:\/\/wpdiscounts.io\/de\/wp-content\/uploads\/2023\/09\/BB-Home-Page-Header-v-2.0-done-and-publish-1-1.png-150x150.webp\" alt class=\"wp-image-5499\"><\/figure>\n\n<h2 class=\"has-text-align-left wp-block-heading\">{post_title: link}<\/h2>\n\n{acf_short_discription}\n\n{acf_lifetime_offer}\n\n\n\n<figure class=\"wp-block-image size-thumbnail\"><img loading=\"lazy\" decoding=\"async\" width=\"150\" height=\"150\" src=\"https:\/\/wpdiscounts.io\/de\/wp-content\/uploads\/2023\/09\/BB-Home-Page-Header-v-2.0-done-and-publish-1-1.png-150x150.webp\" alt class=\"wp-image-5499\"><\/figure>\n\n<h2 class=\"has-text-align-left wp-block-heading\">{post_title: link}<\/h2>\n\n{acf_short_discription}\n\n{acf_lifetime_offer}\n\n\n\n<h2 class=\"has-text-align-center wp-block-heading\">Wichtige Hinweise zu WordPress-Lifetime-Deals<\/h2>\n\nUpdates\n\nLizenzierung\n\nFunktionen\n\nPreise\n\nKompatibilit\u00e4t\n\n<h3 class=\"wp-block-heading\">Regelm\u00e4\u00dfige Updates<\/h3>\n\n<p>\n<\/p>\n\nStellen Sie immer sicher, dass das Plugin\/Theme regelm\u00e4\u00dfige Updates erh\u00e4lt. Ein aktualisiertes Plugin\/Theme gew\u00e4hrleistet, dass alle vorhandenen Fehler behoben werden und Sie von den neuesten Funktionen in Bezug auf Leistung, Kompatibilit\u00e4t, Sicherheit und WordPress-Core-Updates profitieren.\n\nWir empfehlen Ihnen, das Changelog des Plugins, Themes oder Dienstes sowie die Roadmap zu lesen, bevor Sie einen Kauf t\u00e4tigen.<br><br><div>\n<\/div><div>We recommend that you read the changelog of the plugin, theme, or service and also the roadmap, before making the purchase.<\/div>\n\n<h3 class=\"wp-block-heading\">Lizenzbedingungen<\/h3>\n\nStellen Sie sicher, dass die Lifetime-Deal-Lizenz f\u00fcr eine bestimmte Anzahl von Websites oder unbegrenzte Domains gilt. Wenn Sie eine Agentur sind, vergewissern Sie sich, dass Ihr ausgew\u00e4hltes Angebot die Nutzung auf Kundenseiten erlaubt oder nur f\u00fcr pers\u00f6nliche Projekte bestimmt ist.\n<br><br><div>\n<\/div><div>Alle von unseren Experten ausgew\u00e4hlten Lifetime-Deals werden \u00fcberpr\u00fcft, um sicherzustellen, dass ihre Lizenzbedingungen klar und eindeutig sind und Missverst\u00e4ndnisse vermieden werden.<br><br><\/div>\n\n<h3 class=\"wp-block-heading\">Funktionsumfang des Produkts<\/h3>\n\nPr\u00fcfen Sie, ob die Plugins\/Themes in den Lifetime-Deals alle Kernfunktionen f\u00fcr Ihr Business enthalten und Ihre Website nicht verlangsamen. W\u00e4hlen Sie WordPress-Lifetime-Deals mit den besten Funktionen, einem guten Ruf, einer vielversprechenden Roadmap und einem bekannten Team oder Unternehmen im Hintergrund.<br><br><br><br><br>\n\n<h3 class=\"wp-block-heading\">Konsistente Preisgestaltung<\/h3>\n\nDie Anfangskosten von Lifetime-Deals m\u00f6gen abschreckend wirken, aber sie zahlen sich langfristig aus. Unser Team hat die besten Premium-Plugins und -Themes handverlesen, die einen herausragenden Mehrwert bieten.<br><br>Das Beste an WordPress-Lifetime-Deals? Sie finden Alternativen zu einigen der besten Plugins und Themes \u2013 beispielsweise zu Elementor, GravityForms und vielen weiteren.<br><br><br>\n\n<h3 class=\"wp-block-heading\">Kompatibilit\u00e4t mit anderer Software<\/h3>\n\nPr\u00fcfen Sie, ob die Themes\/Plugins \u00fcbergreifend funktionieren und mit anderen Plugins und Themes kompatibel sind. Ein eigenst\u00e4ndiges Plugin mag zwar gut funktionieren, aber in Kombination mit anderen k\u00f6nnten Konflikte entstehen, die die Leistung Ihrer Website beeintr\u00e4chtigen.<br><br><br><br><br>\n\n<h2 class=\"has-text-align-center wp-block-heading\">Wie wir Rabattcodes, Gutscheine &amp; Angebote pr\u00fcfen<\/h2>\n\nSchritt 1\n\n<h3 class=\"wp-block-heading\">\u00dcberpr\u00fcfen Sie den Ruf von LTD<\/h3>\n\nUnser Team ist seit \u00fcber einem Jahrzehnt in der Branche t\u00e4tig und hat mit zahlreichen WordPress-Plugin-Unternehmen zusammengearbeitet. Wir finden die besten WordPress-Lifetime-Deals, Reviews und Fallstudien \u2013 und entscheiden dann, ob wir sie auf unserer Website aufnehmen.\n\nSchritt 2\n\n<h3 class=\"wp-block-heading\">Sprechen Sie mit dem Team<\/h3>\n\nWir f\u00fchren intensive Gespr\u00e4che mit den Mitgr\u00fcndern und Teams der Plugins, die ihre Produkte als Lifetime-Pl\u00e4ne anbieten. Die meisten Partner gew\u00e4hren exklusive Lifetime-Deals nur uns \u2013 mit l\u00e4ngerer G\u00fcltigkeit f\u00fcr alle Preismodelle.\n\nSchritt 3\n\n<h3 class=\"wp-block-heading\">Lifetime-Deals auflisten<\/h3>\n\nWir gehen den extra Schritt, um zu pr\u00fcfen, ob es mit allen Preismodellen funktioniert \u2013 damit Sie das nicht m\u00fcssen. Abschlie\u00dfend erstellen wir eine spezielle WordPress-Lifetime-Deals-Landingpage und listen das Angebot auf verschiedenen Seiten und Blogs auf. Alle Informationen zu unseren ausgew\u00e4hlten Deals sind g\u00fcltig und getestet.\n\n<h2 class=\"wp-block-heading\">Suchen Sie noch Ihren perfekten WordPress-Lifetime-Deal?<\/h2>\n\nSagen Sie uns einfach, welches Plugin oder Theme Sie suchen, und wir leiten Sie zu den besten WordPress-Lifetime-Deals weiter.","protected":false},"excerpt":{"rendered":"<p>Sichern Sie sich beliebte und hochwertige Deals \u2013 ein Leben lang nutzen, ohne erneut zu zahlen! Maximieren Sie die Funktionalit\u00e4t Ihrer Website mit unserer handverlesenen Auswahl an WordPress-Themes und Plugins. Holen Sie sich die besten WordPress-Lifetime-Deals \u2013 zahlen Sie einmal und profitieren Sie ein Leben lang von den Ersparnissen. Durchsuchen Sie Ihre gew\u00fcnschten Angebote und [&hellip;]<\/p>\n","protected":false},"author":1,"featured_media":5499,"parent":0,"menu_order":0,"comment_status":"closed","ping_status":"closed","template":"","meta":{"_acf_changed":false,"footnotes":""},"class_list":["post-4022","page","type-page","status-publish","has-post-thumbnail","hentry"],"acf":[],"_links":{"self":[{"href":"https:\/\/wpdiscounts.io\/de\/wp-json\/wp\/v2\/pages\/4022","targetHints":{"allow":["GET"]}}],"collection":[{"href":"https:\/\/wpdiscounts.io\/de\/wp-json\/wp\/v2\/pages"}],"about":[{"href":"https:\/\/wpdiscounts.io\/de\/wp-json\/wp\/v2\/types\/page"}],"author":[{"embeddable":true,"href":"https:\/\/wpdiscounts.io\/de\/wp-json\/wp\/v2\/users\/1"}],"replies":[{"embeddable":true,"href":"https:\/\/wpdiscounts.io\/de\/wp-json\/wp\/v2\/comments?post=4022"}],"version-history":[{"count":86,"href":"https:\/\/wpdiscounts.io\/de\/wp-json\/wp\/v2\/pages\/4022\/revisions"}],"predecessor-version":[{"id":22315,"href":"https:\/\/wpdiscounts.io\/de\/wp-json\/wp\/v2\/pages\/4022\/revisions\/22315"}],"wp:featuredmedia":[{"embeddable":true,"href":"https:\/\/wpdiscounts.io\/de\/wp-json\/wp\/v2\/media\/5499"}],"wp:attachment":[{"href":"https:\/\/wpdiscounts.io\/de\/wp-json\/wp\/v2\/media?parent=4022"}],"curies":[{"name":"wp","href":"https:\/\/api.w.org\/{rel}","templated":true}]}}