{"id":3944,"date":"2023-08-17T14:56:41","date_gmt":"2023-08-17T14:56:41","guid":{"rendered":"https:\/\/wpdiscounts.io\/de\/?page_id=3944"},"modified":"2025-08-27T12:10:39","modified_gmt":"2025-08-27T12:10:39","slug":"home","status":"publish","type":"page","link":"https:\/\/wpdiscounts.io\/de\/","title":{"rendered":"Best WordPress Coupons, Discounts, and Deals"},"content":{"rendered":"<h1 class=\"wp-block-heading\"><span style=\"color:#00e061; font-weight:600\">Verifizierte<\/span> WordPress Gutscheine, Rabatte &#038; Angebote<\/h1>\n\nAbonnieren Sie, um exklusive Rabatte und die besten Angebote f\u00fcr Ihre bevorzugten WordPress-Produkte zu erhalten!\n\n<form role=\"search\" method=\"get\" action=\"https:\/\/wpdiscounts.io\/de\/\" class=\"wp-block-search__button-outside wp-block-search__icon-button wp-block-search\"    ><label class=\"wp-block-search__label\" for=\"wp-block-search__input-1\" >Search<\/label><div class=\"wp-block-search__inside-wrapper\" ><input class=\"wp-block-search__input\" id=\"wp-block-search__input-1\" placeholder=\"Produkte suchen...\" value=\"\" type=\"search\" name=\"s\" required \/><button aria-label=\"Search\" class=\"wp-block-search__button has-icon wp-element-button\" type=\"submit\" ><svg class=\"search-icon\" viewBox=\"0 0 24 24\" width=\"24\" height=\"24\">\n\t\t\t\t\t<path d=\"M13 5c-3.3 0-6 2.7-6 6 0 1.4.5 2.7 1.3 3.7l-3.8 3.8 1.1 1.1 3.8-3.8c1 .8 2.3 1.3 3.7 1.3 3.3 0 6-2.7 6-6S16.3 5 13 5zm0 10.5c-2.5 0-4.5-2-4.5-4.5s2-4.5 4.5-4.5 4.5 2 4.5 4.5-2 4.5-4.5 4.5z\"><\/path>\n\t\t\t\t<\/svg><\/button><\/div><\/form>\n\n<h2 class=\"wp-block-heading\">WordPress-Rabatt-Kategorien<\/h2>\n\n\n\n<h3 class=\"wp-block-heading\">{acf_product_name}<\/h3>\n\n{acf_short_discription}\n\n{acf_offer}\n\n\n\n<h2 class=\"has-text-align-center wp-block-heading\">Neueste WordPress-Produkte<\/h2>\n\n<figure class=\"wp-block-image size-full\"><img loading=\"lazy\" decoding=\"async\" width=\"128\" height=\"128\" src=\"http:\/\/wpdiscounts.io\/de\/wp-content\/uploads\/2023\/08\/wordpress-themes-coupon.png\" alt class=\"wp-image-4618\"><\/figure>\n\n<h3 class=\"wp-block-heading\">Themes<\/h3>\n\n<!-- wp:Array \/-->\n\n<div class=\"wp-block-buttons is-layout-flex wp-block-buttons-is-layout-flex\"><div class=\"wp-block-button\"><a class=\"wp-block-button__link\">Rabatte Anzeigen<\/a><\/div><\/div>\n\n<figure class=\"wp-block-image size-full\"><img loading=\"lazy\" decoding=\"async\" width=\"128\" height=\"128\" src=\"http:\/\/wpdiscounts.io\/de\/wp-content\/uploads\/2023\/08\/wordpress-plugin-coupon.png\" alt class=\"wp-image-4617\"><\/figure>\n\n<h3 class=\"wp-block-heading\">Plugins<\/h3>\n\n<!-- wp:Array \/-->\n\n<figure class=\"wp-block-image size-full\"><img loading=\"lazy\" decoding=\"async\" width=\"128\" height=\"128\" src=\"http:\/\/wpdiscounts.io\/de\/wp-content\/uploads\/2023\/08\/wordpress-hosting-coupons.png\" alt class=\"wp-image-4616\"><\/figure>\n\n<h3 class=\"wp-block-heading\">Hosting<\/h3>\n\n<p>Ihre Lieblings-Hosting-Pl\u00e4ne jetzt zum reduzierten Preis<\/p>\n\n<figure class=\"wp-block-image size-full\"><img loading=\"lazy\" decoding=\"async\" width=\"128\" height=\"130\" src=\"http:\/\/wpdiscounts.io\/de\/wp-content\/uploads\/2023\/08\/wordpress-services-coupons.png\" alt class=\"wp-image-4615\"><\/figure>\n\n<h3 class=\"wp-block-heading\">Services<\/h3>\n\n<p>Die besten Angebote f\u00fcr beliebte WordPress-Dienste<\/p>\n\n<div class=\"wp-block-buttons is-layout-flex wp-block-buttons-is-layout-flex\"><div class=\"wp-block-button\"><a class=\"wp-block-button__link\">Mehr lesen<\/a><\/div><\/div>\n\n<h2 class=\"wp-block-heading\">\u00dcber uns<\/h2>\n\n<p>WPdiscounts.io ist Ihre erste Adresse f\u00fcr die neuesten und besten WordPress-Rabatte, Gutscheincodes und exklusive Angebote.<\/p>\n<p>Wir wissen, wie wichtig es ist, \u00fcber aktuelle Deals informiert zu bleiben.<\/p>\n<p>Deshalb durchforstet unser engagiertes Team t\u00e4glich das Internet,<br \/>um die besten verf\u00fcgbaren WordPress-Rabatte und Gutscheine f\u00fcr Sie zusammenzustellen.<\/p>\n\n<h2 class=\"has-text-align-center wp-block-heading\">Empfohlen\r<div>WordPress-Rabatte<\/div><\/h2>\n\n<figure class=\"wp-block-image size-full\"><img loading=\"lazy\" decoding=\"async\" width=\"512\" height=\"512\" src=\"http:\/\/wpdiscounts.io\/de\/wp-content\/uploads\/2020\/11\/cropped-wpdiscounts-favicon.png\" alt class=\"wp-image-647\" srcset=\"https:\/\/wpdiscounts.io\/de\/wp-content\/uploads\/2020\/11\/cropped-wpdiscounts-favicon.png 512w, https:\/\/wpdiscounts.io\/de\/wp-content\/uploads\/2020\/11\/cropped-wpdiscounts-favicon-300x300.png 300w, https:\/\/wpdiscounts.io\/de\/wp-content\/uploads\/2020\/11\/cropped-wpdiscounts-favicon-150x150.png 150w, https:\/\/wpdiscounts.io\/de\/wp-content\/uploads\/2020\/11\/cropped-wpdiscounts-favicon-270x270.png 270w, https:\/\/wpdiscounts.io\/de\/wp-content\/uploads\/2020\/11\/cropped-wpdiscounts-favicon-192x192.png 192w, https:\/\/wpdiscounts.io\/de\/wp-content\/uploads\/2020\/11\/cropped-wpdiscounts-favicon-180x180.png 180w, https:\/\/wpdiscounts.io\/de\/wp-content\/uploads\/2020\/11\/cropped-wpdiscounts-favicon-32x32.png 32w\" sizes=\"auto, (max-width: 512px) 100vw, 512px\" \/><\/figure>\n\n<div class=\"wp-block-buttons is-layout-flex wp-block-buttons-is-layout-flex\"><div class=\"wp-block-button\"><a class=\"wp-block-button__link\">Rabatte Anzeigen<\/a><\/div><\/div>\n\n<div class=\"wp-block-buttons is-layout-flex wp-block-buttons-is-layout-flex\"><div class=\"wp-block-button\"><a class=\"wp-block-button__link\">Rabatte Anzeigen<\/a><\/div><\/div>\n\n<div class=\"wp-block-buttons is-layout-flex wp-block-buttons-is-layout-flex\"><div class=\"wp-block-button\"><a class=\"wp-block-button__link\">Rabatte Anzeigen<\/a><\/div><\/div>\n\nUm hier gelistet zu werden: <a href=\"http:\/\/wpdiscounts.io\/de\/become-a-partner\/\"> Werden Sie Partner<\/a>.\n\n{post_content: 20}&#8230;\n\n\n\n<h2 class=\"has-text-align-left wp-block-heading\">{acf_product_name:link}<\/h2>\n\nVerified\n\n<figure class=\"wp-block-image size-full\"><img loading=\"lazy\" decoding=\"async\" width=\"512\" height=\"512\" src=\"http:\/\/wpdiscounts.io\/de\/wp-content\/uploads\/2024\/09\/verified-bagde-icon-1.png\" alt class=\"wp-image-15103\" srcset=\"https:\/\/wpdiscounts.io\/de\/wp-content\/uploads\/2024\/09\/verified-bagde-icon-1.png 512w, https:\/\/wpdiscounts.io\/de\/wp-content\/uploads\/2024\/09\/verified-bagde-icon-1-300x300.png 300w, https:\/\/wpdiscounts.io\/de\/wp-content\/uploads\/2024\/09\/verified-bagde-icon-1-150x150.png 150w\" sizes=\"auto, (max-width: 512px) 100vw, 512px\" \/><\/figure>\n\n<div class=\"wp-block-buttons is-layout-flex wp-block-buttons-is-layout-flex\"><div class=\"wp-block-button\"><a class=\"wp-block-button__link\">Mehr lesen<\/a><\/div><\/div>\n\n<div class=\"wp-block-buttons is-layout-flex wp-block-buttons-is-layout-flex\"><div class=\"wp-block-button\"><a class=\"wp-block-button__link\">Alle Produkte durchst\u00f6bern<\/a><\/div><\/div>\n\n<figure class=\"wp-block-image size-full\"><img loading=\"lazy\" decoding=\"async\" width=\"300\" height=\"60\" src=\"http:\/\/wpdiscounts.io\/de\/wp-content\/uploads\/2024\/02\/Hostinger.webp\" alt class=\"wp-image-11186\"><\/figure>\n\n<figure class=\"wp-block-image size-full\"><img loading=\"lazy\" decoding=\"async\" width=\"300\" height=\"60\" src=\"http:\/\/wpdiscounts.io\/de\/wp-content\/uploads\/2024\/02\/Omnisend.webp\" alt class=\"wp-image-11280\"><\/figure>\n\n<figure class=\"wp-block-image size-full\"><img loading=\"lazy\" decoding=\"async\" width=\"300\" height=\"60\" src=\"http:\/\/wpdiscounts.io\/de\/wp-content\/uploads\/2024\/02\/Perfmatters.webp\" alt class=\"wp-image-11201\"><\/figure>\n\n<figure class=\"wp-block-image size-full\"><img loading=\"lazy\" decoding=\"async\" width=\"300\" height=\"60\" src=\"http:\/\/wpdiscounts.io\/de\/wp-content\/uploads\/2024\/05\/get-glow-logo.png\" alt class=\"wp-image-12685\"><\/figure>\n\n<figure class=\"wp-block-image size-full\"><img loading=\"lazy\" decoding=\"async\" width=\"300\" height=\"60\" src=\"http:\/\/wpdiscounts.io\/de\/wp-content\/uploads\/2024\/02\/Perfmatters.webp\" alt class=\"wp-image-11201\"><\/figure>\n\n<figure class=\"wp-block-image size-full\"><img loading=\"lazy\" decoding=\"async\" width=\"300\" height=\"60\" src=\"http:\/\/wpdiscounts.io\/de\/wp-content\/uploads\/2024\/02\/Elementor-1.webp\" alt class=\"wp-image-11288\"><\/figure>\n\n<figure class=\"wp-block-image size-full\"><img loading=\"lazy\" decoding=\"async\" width=\"300\" height=\"60\" src=\"http:\/\/wpdiscounts.io\/de\/wp-content\/uploads\/2024\/02\/PeepSo.webp\" alt class=\"wp-image-11199\"><\/figure>\n\n\n\n<h2 class=\"has-text-align-left wp-block-heading\">{acf_product_name:link}<\/h2>\n\n{acf_short_discription:15}&#8230;\n\n{acf_offer}\n\n\n\n<div class=\"wp-block-buttons is-layout-flex wp-block-buttons-is-layout-flex\"><div class=\"wp-block-button\"><a class=\"wp-block-button__link\">ALLE RABATTE ANZEIGEN<\/a><\/div><\/div>\n\n<div class=\"wp-block-buttons is-layout-flex wp-block-buttons-is-layout-flex\"><div class=\"wp-block-button\"><a class=\"wp-block-button__link\">Jetzt abonnieren<\/a><\/div><\/div>\n\n<h2 class=\"has-text-align-center wp-block-heading\">WordPress-Lifetime-Deals<\/h2>\n\n\n\n<h2 class=\"has-text-align-left wp-block-heading\">{post_title: link}<\/h2>\n\n{acf_short_discription}\n\n{acf_lifetime_offer}\n\n\n\n<div class=\"wp-block-buttons is-layout-flex wp-block-buttons-is-layout-flex\"><div class=\"wp-block-button\"><a class=\"wp-block-button__link\">Alle Anzeigen<\/a><\/div><\/div>\n\n<h2 class=\"has-text-align-center wp-block-heading\">Neueste Blog-Beitr\u00e4ge<\/h2>\n\n<div class=\"wp-block-buttons is-layout-flex wp-block-buttons-is-layout-flex\"><div class=\"wp-block-button\"><a class=\"wp-block-button__link\">Alle Artikel<\/a><\/div><\/div>\n\n<h2 class=\"has-text-align-center wp-block-heading\">Kaufen Sie nach WordPress-Unternehmen<\/h2>\n\n\n\n\n\n<h3 class=\"wp-block-heading\">{term_name}<\/h3>\n\n{term_description:15}&#8230;\n\n<div class=\"wp-block-buttons is-layout-flex wp-block-buttons-is-layout-flex\"><div class=\"wp-block-button\"><a class=\"wp-block-button__link\">Produkte anzeigen<\/a><\/div><\/div>\n\n<div class=\"wp-block-buttons is-layout-flex wp-block-buttons-is-layout-flex\"><div class=\"wp-block-button\"><a class=\"wp-block-button__link\">Alle Anzeigen<\/a><\/div><\/div>\n\n<h3 class=\"wp-block-heading\">Bestseller<\/h3>","protected":false},"excerpt":{"rendered":"<p>Verifizierte WordPress Gutscheine, Rabatte &#038; Angebote Abonnieren Sie, um exklusive Rabatte und die besten Angebote f\u00fcr Ihre bevorzugten WordPress-Produkte zu erhalten! WordPress-Rabatt-Kategorien {acf_product_name} {acf_short_discription} {acf_offer} Neueste WordPress-Produkte Themes Plugins Hosting Ihre Lieblings-Hosting-Pl\u00e4ne jetzt zum reduzierten Preis Services Die besten Angebote f\u00fcr beliebte WordPress-Dienste \u00dcber uns WPdiscounts.io ist Ihre erste Adresse f\u00fcr die neuesten und besten [&hellip;]<\/p>\n","protected":false},"author":1,"featured_media":0,"parent":0,"menu_order":0,"comment_status":"closed","ping_status":"closed","template":"","meta":{"_acf_changed":false,"footnotes":""},"class_list":["post-3944","page","type-page","status-publish","hentry"],"acf":[],"_links":{"self":[{"href":"https:\/\/wpdiscounts.io\/de\/wp-json\/wp\/v2\/pages\/3944","targetHints":{"allow":["GET"]}}],"collection":[{"href":"https:\/\/wpdiscounts.io\/de\/wp-json\/wp\/v2\/pages"}],"about":[{"href":"https:\/\/wpdiscounts.io\/de\/wp-json\/wp\/v2\/types\/page"}],"author":[{"embeddable":true,"href":"https:\/\/wpdiscounts.io\/de\/wp-json\/wp\/v2\/users\/1"}],"replies":[{"embeddable":true,"href":"https:\/\/wpdiscounts.io\/de\/wp-json\/wp\/v2\/comments?post=3944"}],"version-history":[{"count":100,"href":"https:\/\/wpdiscounts.io\/de\/wp-json\/wp\/v2\/pages\/3944\/revisions"}],"predecessor-version":[{"id":22939,"href":"https:\/\/wpdiscounts.io\/de\/wp-json\/wp\/v2\/pages\/3944\/revisions\/22939"}],"wp:attachment":[{"href":"https:\/\/wpdiscounts.io\/de\/wp-json\/wp\/v2\/media?parent=3944"}],"curies":[{"name":"wp","href":"https:\/\/api.w.org\/{rel}","templated":true}]}}