{"id":21734,"date":"2025-04-24T06:34:01","date_gmt":"2025-04-24T06:34:01","guid":{"rendered":"https:\/\/wpdiscounts.io\/de\/?page_id=21734"},"modified":"2025-07-14T15:36:11","modified_gmt":"2025-07-14T15:36:11","slug":"best-wordpress-lms-plugins-coupon-deals-discounts","status":"publish","type":"page","link":"https:\/\/wpdiscounts.io\/de\/wordpress-lms-plugins","title":{"rendered":"Best WordPress LMS Plugins Coupon, Deals &amp; Discounts"},"content":{"rendered":"<div class=\"wp-block-buttons is-layout-flex wp-block-buttons-is-layout-flex\"><div class=\"wp-block-button\"><a class=\"wp-block-button__link\">Abonnieren<\/a><\/div><\/div>\n\n<!-- wp:Array \/-->\n\nVerwandeln Sie Ihre WordPress Seite in eine leistungsstarke Lernplattform und profitieren Sie von exklusiven Rabatten auf LMS Plugins.\n\n<h0 class=\"has-text-align-center\">Erstellen Sie fesselnde Online-Kurse mit funktionsreichen Lernmanagementsystemen, interaktiven Quizzen, Fortschrittsverfolgung und Zertifizierungstools zu unschlagbaren Preisen. Sichern Sie sich noch heute Ihren WordPress LMS Plugin Rabatt und beginnen Sie sofort mit dem Unterrichten.<br><br>Melden Sie sich an, um exklusive Angebote direkt in Ihren Posteingang zu erhalten.<\/h0>\n\n<h2 class=\"has-text-align-center wp-block-heading\">Ausgew\u00e4hlte WordPress LMS Plugins Rabatte<\/h2>\n\n{acf_short_discription}\n\n<figure class=\"wp-block-image size-large\"><img decoding=\"async\" src=\"http:\/\/wpdiscounts.io\/de\/wp-content\/themes\/bricks\/assets\/images\/placeholder-image-800x600.jpg\" alt><\/figure>\n\n<h2 class=\"has-text-align-left wp-block-heading\">{acf_product_name:link}<\/h2>\n\nVerifiziert\n\n<figure class=\"wp-block-image size-large\"><img decoding=\"async\" src=\"http:\/\/wpdiscounts.io\/de\/wp-content\/themes\/bricks\/assets\/images\/placeholder-image-800x600.jpg\" alt><\/figure>\n\n{acf_offer}\n\n\n\n<h2 class=\"has-text-align-center wp-block-heading\">WordPress LMS Plugins Rabatte<\/h2>\n\nUm hier gelistet zu werden:\n <a href=\"http:\/\/wpdiscounts.io\/become-a-partner\/\"> Werden Sie Partner<\/a>.\n\nIHR LOGO\n\nHier pr\u00e4sentieren wir die Beschreibung Ihres WordPress-basierten Produkts oder Ihrer Dienstleistung.\n\nAngebotsdetails\n\n<div class=\"wp-block-buttons is-layout-flex wp-block-buttons-is-layout-flex\"><div class=\"wp-block-button\"><a class=\"wp-block-button__link\">Jetzt listen lassen<\/a><\/div><\/div>\n\n<figure class=\"wp-block-image size-large\"><img decoding=\"async\" src=\"http:\/\/wpdiscounts.io\/de\/wp-content\/themes\/bricks\/assets\/images\/placeholder-image-800x600.jpg\" alt><\/figure>\n\n<h3 class=\"wp-block-heading\">{acf_product_name:link}<\/h3>\n\n{acf_short_discription}\n\n{acf_offer}\n\n\n\n<h2 class=\"has-text-align-center wp-block-heading\">Das sollten Sie wissen, bevor Sie ein WordPress Sicherheits-Plugin kaufen<\/h2>\n\nFunktionen\n\nEinrichtung\n\nUpdates\n\nErkennung\n\nPreise\n\n<h3 class=\"wp-block-heading\">Umfassende Sicherheitsfunktionen<\/h3>\n\n<p>\n<\/p>\n\nW\u00e4hlen Sie das Plugin sorgf\u00e4ltig aus, das umfassende Lernfunktionen bietet, einschlie\u00dflich Kurserstellung, Studierendenverwaltung, Bewertungstools und Zertifizierungsfunktionen. Sie sollten auch pr\u00fcfen, ob Ihre Bildungsbed\u00fcrfnisse mit der bereitgestellten Funktionalit\u00e4t \u00fcbereinstimmen und Ihnen helfen, Ihre WordPress Website in eine effektive Lernplattform zu verwandeln.\n\n<h3 class=\"wp-block-heading\">Einfach einzurichten<\/h3>\n\nStellen Sie sicher, dass das LMS Plugin einfach zu installieren und anzupassen ist. Das Dashboard sollte benutzerfreundlich und unkompliziert sein. Es sollte Kursanalysen und Fortschrittsberichte der Studierenden schnell und in einem leicht verst\u00e4ndlichen Format liefern.<br><br>\n\n<h3 class=\"wp-block-heading\">Regelm\u00e4\u00dfige Updates<\/h3>\n\nLMS Plugins m\u00fcssen regelm\u00e4\u00dfig gewartet werden. Vor dem Kauf sollten Sie sicherstellen, dass es die neuesten Bildungsstandards und Funktionen beinhaltet, damit Ihre Kurse ansprechend und effektiv bleiben.<div><br><\/div><div>Wir pr\u00fcfen und stellen sicher, dass alle unsere ausgew\u00e4hlten Plugins kontinuierlicher Verbesserung verpflichtet sind, \u00fcber aktuelle Funktionalit\u00e4ten verf\u00fcgen und h\u00e4ufige Updates erhalten.<\/div>\n\n<h3 class=\"wp-block-heading\">Bedrohungserkennung<\/h3>\n\nStellen Sie sicher, dass die Kernfunktionen des Sicherheits-Plugins eine Schwachstellenerkennung beinhalten, die durch das Blockieren von Angriffen auf veraltete Plugins und Themes sch\u00fctzt. Dazu geh\u00f6ren Echtzeit-Schutz, Bedrohungserkennung, fortschrittliche Firewalls usw. Wenn Ihr ausgew\u00e4hltes Plugin dies nicht leistet, wird Ihre Website h\u00e4ufigen Angriffen und Abst\u00fcrzen ausgesetzt sein.<br><br>\n\n<h3 class=\"wp-block-heading\">Preispl\u00e4ne<\/h3>\n\nAchten Sie bei der Auswahl eines WordPress LMS Plugins darauf, dass die Preise keine versteckten Geb\u00fchren enthalten und alle wesentlichen Lernfunktionen beinhalten. \u00dcberpr\u00fcfen Sie auch die Anzahl der Websites, die pro Lizenz abgedeckt sind. Kl\u00e4ren Sie au\u00dferdem, ob die Abrechnung j\u00e4hrlich erfolgt oder ob ein lebenslanger Zugriff angeboten wird. Eine einmalige Zahlung f\u00fcr lebenslangen Zugriff mag anfangs teuer erscheinen, wird aber bei l\u00e4ngerer Nutzung wirtschaftlicher.\n\n<h2 class=\"has-text-align-center wp-block-heading\">Wie wir Promo-Codes, Gutscheine und Rabatte \u00fcberpr\u00fcfen<\/h2>\n\nSchritt 1\n\n<h3 class=\"wp-block-heading\">\u00dcberpr\u00fcfen Sie den Ruf des Plugins<\/h3>\n\nUnser Team hat umfangreiche Erfahrung in der Branche gesammelt und arbeitet mit bedeutenden WordPress LMS Plugin Entwicklern zusammen. Wir bewerten sorgf\u00e4ltig die Leistung jedes Plugins, das Nutzer-Feedback und Erfolgsgeschichten aus der Praxis, bevor wir es auf unserer Seite vorstellen.\n\nSchritt 2\n\n<h3 class=\"wp-block-heading\">Sprechen Sie mit dem Team<\/h3>\n\nWir f\u00fchren ausf\u00fchrliche Gespr\u00e4che mit den Gr\u00fcndern und Teams jedes Plugins, um die besten Partnerschaften und Rabatte f\u00fcr unsere Nutzer zu sichern. Viele Partner bieten exklusive Angebote nur \u00fcber WP Discounts an, mit verl\u00e4ngerter G\u00fcltigkeit f\u00fcr alle Lizenzstufen.\n\nSchritt 3\n\n<h3 class=\"wp-block-heading\">Das Plugin auflisten<\/h3>\n\nWir testen jeden Deal gr\u00fcndlich \u00fcber alle Lizenzstufen hinweg, sodass Sie niemals zweifeln m\u00fcssen. Schlie\u00dflich erstellen wir spezielle Rabattseiten f\u00fcr LMS Plugins und pr\u00e4sentieren diese auf unserer gesamten Website. Jedes Angebot, das Sie sehen, ist gepr\u00fcft und sofort einsatzbereit.\n\n<h2 class=\"wp-block-heading\">Suchen Sie immer noch nach dem perfekten LMS Plugin?<\/h2>\n\nKein Problem! Sagen Sie uns, welches LMS Plugin Sie ben\u00f6tigen, und wir f\u00fchren Sie zum besten verf\u00fcgbaren Rabatt f\u00fcr WordPress Lern-Plugins.","protected":false},"excerpt":{"rendered":"<p>Verwandeln Sie Ihre WordPress Seite in eine leistungsstarke Lernplattform und profitieren Sie von exklusiven Rabatten auf LMS Plugins. Erstellen Sie fesselnde Online-Kurse mit funktionsreichen Lernmanagementsystemen, interaktiven Quizzen, Fortschrittsverfolgung und Zertifizierungstools zu unschlagbaren Preisen. Sichern Sie sich noch heute Ihren WordPress LMS Plugin Rabatt und beginnen Sie sofort mit dem Unterrichten. Melden Sie sich an, um [&hellip;]<\/p>\n","protected":false},"author":5,"featured_media":0,"parent":0,"menu_order":0,"comment_status":"closed","ping_status":"closed","template":"","meta":{"_acf_changed":false,"footnotes":""},"class_list":["post-21734","page","type-page","status-publish","hentry"],"acf":[],"_links":{"self":[{"href":"https:\/\/wpdiscounts.io\/de\/wp-json\/wp\/v2\/pages\/21734","targetHints":{"allow":["GET"]}}],"collection":[{"href":"https:\/\/wpdiscounts.io\/de\/wp-json\/wp\/v2\/pages"}],"about":[{"href":"https:\/\/wpdiscounts.io\/de\/wp-json\/wp\/v2\/types\/page"}],"author":[{"embeddable":true,"href":"https:\/\/wpdiscounts.io\/de\/wp-json\/wp\/v2\/users\/5"}],"replies":[{"embeddable":true,"href":"https:\/\/wpdiscounts.io\/de\/wp-json\/wp\/v2\/comments?post=21734"}],"version-history":[{"count":15,"href":"https:\/\/wpdiscounts.io\/de\/wp-json\/wp\/v2\/pages\/21734\/revisions"}],"predecessor-version":[{"id":22304,"href":"https:\/\/wpdiscounts.io\/de\/wp-json\/wp\/v2\/pages\/21734\/revisions\/22304"}],"wp:attachment":[{"href":"https:\/\/wpdiscounts.io\/de\/wp-json\/wp\/v2\/media?parent=21734"}],"curies":[{"name":"wp","href":"https:\/\/api.w.org\/{rel}","templated":true}]}}