{"id":15285,"date":"2024-09-10T13:02:33","date_gmt":"2024-09-10T13:02:33","guid":{"rendered":"https:\/\/wpdiscounts.io\/de\/?page_id=15285"},"modified":"2025-07-14T15:36:21","modified_gmt":"2025-07-14T15:36:21","slug":"wordpress-security-plugins","status":"publish","type":"page","link":"https:\/\/wpdiscounts.io\/de\/wordpress-security-plugins\/","title":{"rendered":"Best WordPress Security Plugins Coupon, Deals &#038; Discounts"},"content":{"rendered":"<div class=\"wp-block-buttons is-layout-flex wp-block-buttons-is-layout-flex\"><div class=\"wp-block-button\"><a class=\"wp-block-button__link\">Abonnieren<\/a><\/div><\/div>\n\n<!-- wp:Array \/-->\n\nSichern Sie Ihre Website noch heute vor Bedrohungen und erhalten Sie verg\u00fcnstigte Preise auf Ihren Kauf von Sicherheits-Plugins.\n\n<h0 class=\"has-text-align-center\">Sch\u00fctzen Sie Ihre Website mit erstklassigen, umfassenden Sicherheitspaketen, Malware-Scannern, Firewalls und mehr zu den g\u00fcnstigsten Preisen. Sichern Sie sich jetzt Ihren WordPress-Sicherheits-Plugin-Rabatt und nutzen Sie die Gelegenheit.<br><br>Melden Sie sich an, um exklusive Angebote in Ihrem Posteingang zu erhalten.<\/h0>\n\n<h2 class=\"has-text-align-center wp-block-heading\">Hervorgehobene WordPress Sicherheits-Plugins Rabatte<\/h2>\n\n{acf_short_discription}\n\n\n\n<h2 class=\"has-text-align-left wp-block-heading\">{acf_product_name:link}<\/h2>\n\nVerifiziert\n\n<figure class=\"wp-block-image size-full\"><img loading=\"lazy\" decoding=\"async\" width=\"512\" height=\"512\" src=\"http:\/\/wpdiscounts.io\/de\/wp-content\/uploads\/2024\/09\/verified-bagde-icon-1.png\" alt class=\"wp-image-15103\" srcset=\"https:\/\/wpdiscounts.io\/de\/wp-content\/uploads\/2024\/09\/verified-bagde-icon-1.png 512w, https:\/\/wpdiscounts.io\/de\/wp-content\/uploads\/2024\/09\/verified-bagde-icon-1-300x300.png 300w, https:\/\/wpdiscounts.io\/de\/wp-content\/uploads\/2024\/09\/verified-bagde-icon-1-150x150.png 150w\" sizes=\"auto, (max-width: 512px) 100vw, 512px\" \/><\/figure>\n\n{acf_offer}\n\n\n\n<h2 class=\"has-text-align-center wp-block-heading\">WordPress Sicherheits-Plugins Rabatte<\/h2>\n\nUm hier gelistet zu werden: <a href=\"http:\/\/wpdiscounts.io\/de\/become-a-partner\/\">Werden Sie Partner<\/a>.\n\nIHR LOGO\n\nHier pr\u00e4sentieren wir die Beschreibung Ihres WordPress-basierten Produkts oder Ihrer Dienstleistung.\n\nAngebotsdetails\n\n<div class=\"wp-block-buttons is-layout-flex wp-block-buttons-is-layout-flex\"><div class=\"wp-block-button\"><a class=\"wp-block-button__link\">Gelistet werden<\/a><\/div><\/div>\n\n\n\n<h3 class=\"wp-block-heading\">{acf_product_name:link}<\/h3>\n\n{acf_short_discription}\n\n{acf_offer}\n\n\n\n<h2 class=\"has-text-align-center wp-block-heading\">Das sollten Sie wissen, bevor Sie ein WordPress Sicherheits-Plugin kaufen<\/h2>\n\nFunktionen\n\nEinrichtung\n\nAktualisierungen\n\nErkennung\n\nPreise\n\n<h3 class=\"wp-block-heading\">Umfassende Sicherheitsfunktionen<\/h3>\n\n<p>\n<\/p>\n\nW\u00e4hlen Sie sorgf\u00e4ltig das Plugin aus, das umfangreiche Sicherheitsfunktionen bietet, einschlie\u00dflich Malware-Scanning, Echtzeit-Bedrohungserkennung und Zwei-Faktor-Authentifizierung. Sie sollten auch pr\u00fcfen, ob Ihre Website die aufgef\u00fchrten Funktionen ben\u00f6tigt und Ihnen hilft, Ihre WordPress-Website gegen Angriffe zu h\u00e4rten.<div><br><\/div>\n\n<h3 class=\"wp-block-heading\">Einfach einzurichten<\/h3>\n\nStellen Sie sicher, dass das Sicherheits-Plugin einfach einzurichten und zu konfigurieren ist. Seine Benutzeroberfl\u00e4che sollte benutzerfreundlich und intuitiv sein. Es sollte Sicherheitsberichte und Analysen in k\u00fcrzester Zeit und ohne Komplexit\u00e4t liefern.<br><br>\n\n<h3 class=\"wp-block-heading\">Regelm\u00e4\u00dfige Aktualisierungen<\/h3>\n\nSecurity plugins must not be outdated. Before buying, you should verify that it includes the updated virus database so you remain protected from the latest malware.<div><br><\/div><div>We check and ensure that all our selected plugins are proactive at keeping their plugins up to date, have the latest database, and are frequently updated.<\/div>\n\n<h3 class=\"wp-block-heading\">Bedrohungserkennung<\/h3>\n\nVergewissern Sie sich, dass die Kernfunktionen des Sicherheits-Plugins eine Schwachstellenerkennung beinhalten, die durch das Blockieren von Angriffen gegen veraltete Plugins und Themes sch\u00fctzt. Dazu geh\u00f6ren Echtzeit-Schutz, Bedrohungserkennung, fortgeschrittene Firewalls usw. Wenn Ihr ausgew\u00e4hltes Plugin dies nicht leistet, wird Ihre Website h\u00e4ufigen Angriffen und Abst\u00fcrzen ausgesetzt sein.\n\n<h3 class=\"wp-block-heading\">Preispl\u00e4ne<\/h3>\n\nAchten Sie bei der Auswahl eines WordPress Sicherheits-Plugins darauf, dass die Preise keine versteckten Kosten enthalten und alle wichtigen Sicherheitsfunktionen beinhalten. \u00dcberpr\u00fcfen Sie auch die Anzahl der pro Plan erlaubten Websites. Pr\u00fcfen Sie au\u00dferdem, ob die Abrechnung j\u00e4hrlich oder einmalig erfolgt. Eine einmalige Zahlung mag anfangs hoch erscheinen, zahlt sich aber auf lange Sicht aus.\n\n<h2 class=\"has-text-align-center wp-block-heading\">Wie wir Promo-Codes, Gutscheine und Rabatte \u00fcberpr\u00fcfen<\/h2>\n\nSchritt 1\n\n<h3 class=\"wp-block-heading\">\u00dcberpr\u00fcfen Sie den Ruf des Plugins<\/h3>\n\nUnser Team ist seit \u00fcber einem Jahrzehnt in der Branche t\u00e4tig und hat mit zahlreichen WordPress Sicherheits-Plugin Unternehmen zusammengearbeitet. Wir analysieren die Bewertungen und Fallstudien der Plugins und entscheiden dann, ob wir sie auf unserer Website aufnehmen.\n\nSchritt 2\n\n<h3 class=\"wp-block-heading\">Mit dem Team sprechen<\/h3>\n\nWir f\u00fchren ausf\u00fchrliche Gespr\u00e4che mit dem Team und dem Gr\u00fcnder des Plugins, um die besten Kooperationsm\u00f6glichkeiten und Rabatte f\u00fcr unser Publikum zu erzielen. Die meisten Partner gew\u00e4hren exklusive Rabatte nur f\u00fcr uns, mit l\u00e4ngerer G\u00fcltigkeit f\u00fcr alle Preispl\u00e4ne.\n\nSchritt 33\n\n<h3 class=\"wp-block-heading\">Das Plugin auflisten<\/h3>\n\nWir gehen die Extrameile, um zu \u00fcberpr\u00fcfen, ob es auf allen Preispl\u00e4nen funktioniert, damit Sie es nicht tun m\u00fcssen. Schlie\u00dflich erstellen wir eine spezielle Landingpage f\u00fcr WordPress Sicherheits-Plugin Rabatte und listen es auf verschiedenen Seiten und Blogs auf. Alle Informationen, die Sie \u00fcber unsere ausgew\u00e4hlten Plugins sehen, sind g\u00fcltig und getestet.\n\n<h2 class=\"wp-block-heading\">Suchen Sie immer noch nach Ihrem gew\u00fcnschten Sicherheits-Plugin?<\/h2>\n\nKein gro\u00dfes Problem. Lassen Sie uns wissen, nach welchem Plugin Sie suchen, und wir leiten Sie zum besten Rabattcoupon f\u00fcr WordPress Sicherheits-Plugins weiter.","protected":false},"excerpt":{"rendered":"<p>Sichern Sie Ihre Website noch heute vor Bedrohungen und erhalten Sie verg\u00fcnstigte Preise auf Ihren Kauf von Sicherheits-Plugins. Sch\u00fctzen Sie Ihre Website mit erstklassigen, umfassenden Sicherheitspaketen, Malware-Scannern, Firewalls und mehr zu den g\u00fcnstigsten Preisen. Sichern Sie sich jetzt Ihren WordPress-Sicherheits-Plugin-Rabatt und nutzen Sie die Gelegenheit. Melden Sie sich an, um exklusive Angebote in Ihrem Posteingang [&hellip;]<\/p>\n","protected":false},"author":1,"featured_media":0,"parent":0,"menu_order":0,"comment_status":"closed","ping_status":"closed","template":"","meta":{"_acf_changed":false,"footnotes":""},"class_list":["post-15285","page","type-page","status-publish","hentry"],"acf":[],"_links":{"self":[{"href":"https:\/\/wpdiscounts.io\/de\/wp-json\/wp\/v2\/pages\/15285","targetHints":{"allow":["GET"]}}],"collection":[{"href":"https:\/\/wpdiscounts.io\/de\/wp-json\/wp\/v2\/pages"}],"about":[{"href":"https:\/\/wpdiscounts.io\/de\/wp-json\/wp\/v2\/types\/page"}],"author":[{"embeddable":true,"href":"https:\/\/wpdiscounts.io\/de\/wp-json\/wp\/v2\/users\/1"}],"replies":[{"embeddable":true,"href":"https:\/\/wpdiscounts.io\/de\/wp-json\/wp\/v2\/comments?post=15285"}],"version-history":[{"count":44,"href":"https:\/\/wpdiscounts.io\/de\/wp-json\/wp\/v2\/pages\/15285\/revisions"}],"predecessor-version":[{"id":22307,"href":"https:\/\/wpdiscounts.io\/de\/wp-json\/wp\/v2\/pages\/15285\/revisions\/22307"}],"wp:attachment":[{"href":"https:\/\/wpdiscounts.io\/de\/wp-json\/wp\/v2\/media?parent=15285"}],"curies":[{"name":"wp","href":"https:\/\/api.w.org\/{rel}","templated":true}]}}