{"id":12578,"date":"2024-05-21T13:43:59","date_gmt":"2024-05-21T13:43:59","guid":{"rendered":"https:\/\/wpdiscounts.io\/de\/?page_id=12578"},"modified":"2025-05-05T12:46:08","modified_gmt":"2025-05-05T12:46:08","slug":"trending-coupons","status":"publish","type":"page","link":"https:\/\/wpdiscounts.io\/de\/wordpress-trending-coupons\/","title":{"rendered":"WordPress Trending Coupons"},"content":{"rendered":"<h2 class=\"has-text-align-center wp-block-heading\">Ausgew\u00e4hlte WordPress-Rabatte<\/h2>\n\n\n\n<h3 class=\"wp-block-heading\">{acf_product_name:link}<\/h3>\n\n{acf_short_discription}\n\n{acf_offer}\n\n\n\nUm oben gelistet zu werden: <a href=\"http:\/\/wpdiscounts.io\/de\/become-a-partner\/\">Werden Sie Partner!<\/a>.\n\n{acf_short_discription}\n\n\n\n<!-- wp:Array \/-->\n\n<h0 class=\"has-text-align-center\">Entsperren Sie exklusive Rabatte f\u00fcr WordPress-Essentials, inklusive Hosting, Themes, Page-Buildern, Plugins und Services! Entdecken Sie die besten und exklusivsten Angebote f\u00fcr eine Vielzahl von Produkten. Sparen Sie bei Ihrem n\u00e4chsten Kauf und bringen Sie Ihre Websites auf das n\u00e4chste Level!<br><br>Melden Sie sich an, um exklusive Angebote direkt in Ihren Posteingang zu erhalten.<\/h0>\n\n<div class=\"wp-block-buttons is-layout-flex wp-block-buttons-is-layout-flex\"><div class=\"wp-block-button\"><a class=\"wp-block-button__link\">Abonnieren<\/a><\/div><\/div>\n\n<h2 class=\"wp-block-heading\">Aktuelle Trends \ud83d\udd25<br><\/h2>\n\nSchnappen Sie sich zeitbegrenzte Rabatte f\u00fcr beliebte WordPress-Themes, Hosting und Plugins! Einige Angebote sind nur wenige Tage verf\u00fcgbar \u2013 also zugreifen, solange sie noch da sind. Diese Deals bieten oft h\u00f6here Ersparnisse als \u00fcblich.\n\nF\u00fcr eine Listing weiter unten: <a href=\"http:\/\/wpdiscounts.io\/de\/submit-coupon\/\">Rabatt einreichen<\/a>.\n\n{acf_limited_time_offer}\n\n\n\n<h2 class=\"has-text-align-left wp-block-heading\">{acf_product_name:link}<\/h2>\n\nVerifiziert\n\n<figure class=\"wp-block-image size-full\"><img loading=\"lazy\" decoding=\"async\" width=\"512\" height=\"512\" src=\"http:\/\/wpdiscounts.io\/de\/wp-content\/uploads\/2024\/09\/verified-bagde-icon-1.png\" alt class=\"wp-image-15103\" srcset=\"https:\/\/wpdiscounts.io\/de\/wp-content\/uploads\/2024\/09\/verified-bagde-icon-1.png 512w, https:\/\/wpdiscounts.io\/de\/wp-content\/uploads\/2024\/09\/verified-bagde-icon-1-300x300.png 300w, https:\/\/wpdiscounts.io\/de\/wp-content\/uploads\/2024\/09\/verified-bagde-icon-1-150x150.png 150w\" sizes=\"auto, (max-width: 512px) 100vw, 512px\" \/><\/figure>\n\n<b>Starts:<\/b> <span style=\"color:red\">{acf_limited_start_date}<\/span>\n\n\n\n\n\n<b>End:&nbsp;<\/b>\n\n<h3 class=\"wp-block-heading\">Verpasste Gutscheine<\/h3>\n\n{acf_limited_time_offer}\n\n\n\n<h2 class=\"has-text-align-left wp-block-heading\">{acf_product_name:link}<\/h2>\n\nVerifiziert\n\n<figure class=\"wp-block-image size-full\"><img loading=\"lazy\" decoding=\"async\" width=\"512\" height=\"512\" src=\"http:\/\/wpdiscounts.io\/de\/wp-content\/uploads\/2024\/09\/verified-bagde-icon-1.png\" alt class=\"wp-image-15103\" srcset=\"https:\/\/wpdiscounts.io\/de\/wp-content\/uploads\/2024\/09\/verified-bagde-icon-1.png 512w, https:\/\/wpdiscounts.io\/de\/wp-content\/uploads\/2024\/09\/verified-bagde-icon-1-300x300.png 300w, https:\/\/wpdiscounts.io\/de\/wp-content\/uploads\/2024\/09\/verified-bagde-icon-1-150x150.png 150w\" sizes=\"auto, (max-width: 512px) 100vw, 512px\" \/><\/figure>\n\n{acf_short_discription}\n\n\n\n<b>Starts:<\/b> <span style=\"color:red\">{acf_limited_start_date}<\/span>\n\n<b>End:&nbsp;<\/b>\n\n\n\n","protected":false},"excerpt":{"rendered":"<p>Ausgew\u00e4hlte WordPress-Rabatte {acf_product_name:link} {acf_short_discription} {acf_offer} Um oben gelistet zu werden: Werden Sie Partner!. {acf_short_discription} Entsperren Sie exklusive Rabatte f\u00fcr WordPress-Essentials, inklusive Hosting, Themes, Page-Buildern, Plugins und Services! Entdecken Sie die besten und exklusivsten Angebote f\u00fcr eine Vielzahl von Produkten. Sparen Sie bei Ihrem n\u00e4chsten Kauf und bringen Sie Ihre Websites auf das n\u00e4chste Level! Melden [&hellip;]<\/p>\n","protected":false},"author":1,"featured_media":0,"parent":0,"menu_order":0,"comment_status":"closed","ping_status":"closed","template":"","meta":{"_acf_changed":false,"footnotes":""},"class_list":["post-12578","page","type-page","status-publish","hentry"],"acf":[],"_links":{"self":[{"href":"https:\/\/wpdiscounts.io\/de\/wp-json\/wp\/v2\/pages\/12578","targetHints":{"allow":["GET"]}}],"collection":[{"href":"https:\/\/wpdiscounts.io\/de\/wp-json\/wp\/v2\/pages"}],"about":[{"href":"https:\/\/wpdiscounts.io\/de\/wp-json\/wp\/v2\/types\/page"}],"author":[{"embeddable":true,"href":"https:\/\/wpdiscounts.io\/de\/wp-json\/wp\/v2\/users\/1"}],"replies":[{"embeddable":true,"href":"https:\/\/wpdiscounts.io\/de\/wp-json\/wp\/v2\/comments?post=12578"}],"version-history":[{"count":80,"href":"https:\/\/wpdiscounts.io\/de\/wp-json\/wp\/v2\/pages\/12578\/revisions"}],"predecessor-version":[{"id":21865,"href":"https:\/\/wpdiscounts.io\/de\/wp-json\/wp\/v2\/pages\/12578\/revisions\/21865"}],"wp:attachment":[{"href":"https:\/\/wpdiscounts.io\/de\/wp-json\/wp\/v2\/media?parent=12578"}],"curies":[{"name":"wp","href":"https:\/\/api.w.org\/{rel}","templated":true}]}}