{"id":11384,"date":"2024-03-05T13:54:11","date_gmt":"2024-03-05T13:54:11","guid":{"rendered":"https:\/\/wpdiscounts.io\/de\/?page_id=11384"},"modified":"2025-08-11T14:35:00","modified_gmt":"2025-08-11T14:35:00","slug":"wordpress-hosting","status":"publish","type":"page","link":"https:\/\/wpdiscounts.io\/de\/wordpress-hosting\/","title":{"rendered":"WordPress Hosting Discounts"},"content":{"rendered":"<div class=\"wp-block-buttons is-layout-flex wp-block-buttons-is-layout-flex\"><div class=\"wp-block-button\"><a class=\"wp-block-button__link\">Abonnieren<\/a><\/div><\/div>\n\n<!-- wp:Array \/-->\n\nProfitieren Sie von optimaler Leistung f\u00fcr Ihre Website zu den besten Rabattpreisen.\n\n<h0 class=\"has-text-align-center\">W\u00e4hlen Sie aus verschiedenen Premium-WordPress-Hosting-Rabattcoupons und hosten Sie Ihre WordPress-Website bei erstklassigen Hosting-Anbietern, w\u00e4hrend Sie von den besten Preisen profitieren.<br><br>Melden Sie sich an, um exklusive Angebote in Ihrem Posteingang zu erhalten.<\/h0>\n\n\n\n<h3 class=\"wp-block-heading\">{acf_product_name:link}<\/h3>\n\n{acf_short_discription}\n\n{acf_offer}\n\n\n\nUm hier gelistet zu werden: <a href=\"http:\/\/wpdiscounts.io\/de\/become-a-partner\/\">Werden Sie Partner<\/a>.\n\n<h2 class=\"has-text-align-center wp-block-heading\">Ausgew\u00e4hlte WordPress Hosting Rabatte<\/h2>\n\n<h2 class=\"has-text-align-center wp-block-heading\">Hosting-Rabatte<\/h2>\n\n{acf_short_discription}\n\n\n\n<h2 class=\"has-text-align-left wp-block-heading\">{acf_product_name:link}<\/h2>\n\nVerifiziert\n\n<figure class=\"wp-block-image size-full\"><img loading=\"lazy\" decoding=\"async\" width=\"512\" height=\"512\" src=\"http:\/\/wpdiscounts.io\/de\/wp-content\/uploads\/2024\/09\/verified-bagde-icon-1.png\" alt class=\"wp-image-15103\" srcset=\"https:\/\/wpdiscounts.io\/de\/wp-content\/uploads\/2024\/09\/verified-bagde-icon-1.png 512w, https:\/\/wpdiscounts.io\/de\/wp-content\/uploads\/2024\/09\/verified-bagde-icon-1-300x300.png 300w, https:\/\/wpdiscounts.io\/de\/wp-content\/uploads\/2024\/09\/verified-bagde-icon-1-150x150.png 150w\" sizes=\"auto, (max-width: 512px) 100vw, 512px\" \/><\/figure>\n\n{acf_offer}\n\n\n\n<h2 class=\"has-text-align-center wp-block-heading\">Was Sie vor dem Kauf eines WordPress-Hosting-Pakets wissen sollten<\/h2>\n\nSupport\n\nTechnologie\n\nPreise\n\nSicherheit\n\nSkalierbarkeit\n\n<h3 class=\"wp-block-heading\">Kundensupport<\/h3>\n\n<p>\n<\/p>\n\n<div>F\u00fchren Sie beim Kauf von Hosting-Diensten umfangreiche Recherchen durch und stellen Sie sicher, dass der Kundensupport qualitativ hochwertig ist und Ihre Probleme schnell gel\u00f6st werden. Dies ist der wichtigste Aspekt, da sich Kunden im Allgemeinen \u00fcber schlechten Kundensupport beschweren.<\/div><div><br><\/div><div>Bevor Sie einen Kauf t\u00e4tigen, k\u00f6nnen Sie den Live-Chat auf der Website des Hosting-Anbieters nutzen, um mit deren Support zu sprechen und Fragen zu stellen, bei denen Sie Hilfe ben\u00f6tigen oder ben\u00f6tigen k\u00f6nnten.<\/div>\n\n<h3 class=\"wp-block-heading\">Neueste Technologie<\/h3>\n\n<div>\u00dcberpr\u00fcfen Sie deren Preispl\u00e4ne, Dokumentation und Serviceseite, um sicherzustellen, dass sie den neuesten Technologie-Stack verwenden. Die Wahl eines Hostings mit veralteter Technologie wird die Leistung Ihrer Website negativ beeinflussen.<\/div><div><br><\/div><div>Pr\u00fcfen Sie beispielsweise, ob der Hosting-Anbieter, den Sie kaufen m\u00f6chten, die neueste Hardware wie CPU, NVMe SSD und Software wie Nginx, LiteSpeed Enterprise, die neueste PHP-Version, Redis Object Cache, CPguard oder Immunify360 einsetzt.<\/div><div><br><\/div>\n\n<h3 class=\"wp-block-heading\">Preispl\u00e4ne<\/h3>\n\nNutzer haben sich \u00fcber intransparente Preise oder Dienstleistungen beschwert, f\u00fcr die ihnen f\u00e4lschlicherweise Geb\u00fchren berechnet wurden. Hosting-Anbieter \u00e4ndern auch ihre Abrechnungspraktiken. Sie berechnen anfangs sehr wenig und dann bei der erneuten Anmeldung hohe Geb\u00fchren. Recherchieren Sie sorgf\u00e4ltig und stellen Sie sicher, dass deren Preisgestaltung transparent ist.<br><br><br><br>\n\n<h3 class=\"wp-block-heading\">Sicherheits- &amp; Backup-Optionen<\/h3>\n\nDie Sicherheit Ihrer Website sollte oberste Priorit\u00e4t haben. Sie m\u00fcssen pr\u00fcfen, welche Software\/Plugins angeboten werden; diese sollten die neuesten sein und erweiterte Funktionen umfassen. Sprechen Sie auch mit dem Vertriebsmitarbeiter und stellen Sie sicher, welche Sicherheitsfunktionen in den WordPress-Hosting-Pl\u00e4nen enthalten sind.<div><br><\/div><div>F\u00fcr die Sicherheit empfehlen wir einen Hoster, der CPguard oder Immunify360 auf seinen Servern einsetzt und ein CDN bereitstellt. F\u00fcr Backups sollten Sie die Backup-Richtlinien sorgf\u00e4ltig lesen, ob diese automatisiert sind, eine einfache Wiederherstellung erm\u00f6glichen und wie lange die Aufbewahrungsfrist ist.<\/div>\n\n<h3 class=\"wp-block-heading\">Skalierbarkeitsoptionen<\/h3>\n\nStellen Sie sicher, dass Ihre Hosting-Dienste mit dem Wachstum Ihrer Website skalieren k\u00f6nnen. \u00dcberpr\u00fcfen Sie, welche Funktionen bei der Skalierbarkeit erh\u00f6ht werden, wie z. B. Ressourcenzuweisung, Speicherplatz und Festplattenspeicher, Ausfallzeiten und eine Uptime-Garantie usw.<div><br><\/div><div><br><br><br><\/div>\n\n<h2 class=\"has-text-align-center wp-block-heading\">So \u00fcberpr\u00fcfen wir Promo-Codes, Gutscheine und Rabatte<\/h2>\n\nSchritt 1\n\n<h3 class=\"wp-block-heading\">\u00dcberpr\u00fcfen Sie den Ruf des Hostings<\/h3>\n\nUnser Team ist seit mehr als einem Jahrzehnt in der Branche t\u00e4tig und hat mit zahlreichen WordPress-Hosting-Unternehmen zusammengearbeitet. Wir analysieren die Bewertungen und Fallstudien des Hostings und entscheiden dann, ob wir es auf unserer Website auflisten.\n\nSchritt 2\n\n<h3 class=\"wp-block-heading\">Sprechen Sie mit dem Team<\/h3>\n\nWir f\u00fchren ausf\u00fchrliche Gespr\u00e4che mit dem Hosting-Team und den Mitbegr\u00fcndern, um die besten Kooperationsm\u00f6glichkeiten und Rabatte f\u00fcr unser Publikum zu finden. Die meisten Partner gew\u00e4hren uns exklusive Rabatte mit l\u00e4ngerer G\u00fcltigkeitsdauer.\n\nSchritt 3\n\n<h3 class=\"wp-block-heading\">Das Hosting auflisten<\/h3>\n\nAbschlie\u00dfend erstellen wir eine spezielle WordPress-Hosting-Rabatt-Landingpage und listen sie auf verschiedenen Seiten und in Blogs auf. Alle Informationen, die Sie \u00fcber unsere ausgew\u00e4hlten Plugins sehen, sind g\u00fcltig und getestet.\n\n<h2 class=\"wp-block-heading\">Suchen Sie noch nach Ihrem gew\u00fcnschten Hosting?<\/h2>\n\nKein gro\u00dfes Problem. Lassen Sie uns wissen, nach welchen Funktionen Sie suchen, und wir leiten Sie zum besten WordPress-Hosting mit einem Rabattcoupon.","protected":false},"excerpt":{"rendered":"<p>Profitieren Sie von optimaler Leistung f\u00fcr Ihre Website zu den besten Rabattpreisen. W\u00e4hlen Sie aus verschiedenen Premium-WordPress-Hosting-Rabattcoupons und hosten Sie Ihre WordPress-Website bei erstklassigen Hosting-Anbietern, w\u00e4hrend Sie von den besten Preisen profitieren. Melden Sie sich an, um exklusive Angebote in Ihrem Posteingang zu erhalten. {acf_product_name:link} {acf_short_discription} {acf_offer} Um hier gelistet zu werden: Werden Sie Partner. [&hellip;]<\/p>\n","protected":false},"author":1,"featured_media":0,"parent":0,"menu_order":0,"comment_status":"closed","ping_status":"closed","template":"","meta":{"_acf_changed":false,"footnotes":""},"class_list":["post-11384","page","type-page","status-publish","hentry"],"acf":[],"_links":{"self":[{"href":"https:\/\/wpdiscounts.io\/de\/wp-json\/wp\/v2\/pages\/11384","targetHints":{"allow":["GET"]}}],"collection":[{"href":"https:\/\/wpdiscounts.io\/de\/wp-json\/wp\/v2\/pages"}],"about":[{"href":"https:\/\/wpdiscounts.io\/de\/wp-json\/wp\/v2\/types\/page"}],"author":[{"embeddable":true,"href":"https:\/\/wpdiscounts.io\/de\/wp-json\/wp\/v2\/users\/1"}],"replies":[{"embeddable":true,"href":"https:\/\/wpdiscounts.io\/de\/wp-json\/wp\/v2\/comments?post=11384"}],"version-history":[{"count":65,"href":"https:\/\/wpdiscounts.io\/de\/wp-json\/wp\/v2\/pages\/11384\/revisions"}],"predecessor-version":[{"id":22781,"href":"https:\/\/wpdiscounts.io\/de\/wp-json\/wp\/v2\/pages\/11384\/revisions\/22781"}],"wp:attachment":[{"href":"https:\/\/wpdiscounts.io\/de\/wp-json\/wp\/v2\/media?parent=11384"}],"curies":[{"name":"wp","href":"https:\/\/api.w.org\/{rel}","templated":true}]}}